{"id":1232,"date":"2019-08-21T10:46:32","date_gmt":"2019-08-21T14:46:32","guid":{"rendered":"https:\/\/www.recykinfo.com\/?page_id=1232"},"modified":"2019-09-10T22:38:14","modified_gmt":"2019-09-11T02:38:14","slug":"a-propos-de-nous","status":"publish","type":"page","link":"https:\/\/www.recykinfo.com\/fr\/a-propos-de-nous\/","title":{"rendered":"A propos de nous"},"content":{"rendered":"<div class=\"fusion-fullwidth fullwidth-box fusion-builder-row-1 nonhundred-percent-fullwidth non-hundred-percent-height-scrolling\" style=\"--awb-border-radius-top-left:0px;--awb-border-radius-top-right:0px;--awb-border-radius-bottom-right:0px;--awb-border-radius-bottom-left:0px;--awb-margin-top:4%;--awb-flex-wrap:wrap;\" ><div class=\"fusion-builder-row fusion-row\"><div class=\"fusion-layout-column fusion_builder_column fusion-builder-column-0 fusion_builder_column_1_5 1_5 fusion-one-fifth fusion-column-first\" style=\"--awb-bg-size:cover;width:20%;width:calc(20% - ( ( 4% + 4% ) * 0.2 ) );margin-right: 4%;\"><div class=\"fusion-column-wrapper fusion-column-has-shadow fusion-flex-column-wrapper-legacy\"><div class=\"fusion-clearfix\"><\/div><\/div><\/div><div class=\"fusion-layout-column fusion_builder_column fusion-builder-column-1 fusion_builder_column_3_5 3_5 fusion-three-fifth\" style=\"--awb-padding-top:0px;--awb-padding-bottom:0px;--awb-bg-size:cover;width:60%;width:calc(60% - ( ( 4% + 4% ) * 0.6 ) );margin-right: 4%;\"><div class=\"fusion-column-wrapper fusion-column-has-shadow fusion-flex-column-wrapper-legacy\"><div class=\"fusion-text fusion-text-1\"><p>Chef de file dans son domaine depuis plusieurs ann\u00e9es, RECYKINFO est une entreprise qui se sp\u00e9cialise dans la collecte, la r\u00e9cup\u00e9ration et le recyclage de d\u00e9chets technologiques, plus pr\u00e9cis\u00e9ment les d\u00e9chets d\u2019\u00e9quipement \u00e9lectriques et \u00e9lectroniques (DEEE), et les m\u00e9taux de tout genre.<\/p>\n<p>La gestion et le recyclage des d\u00e9chets technologiques sont en soit des activit\u00e9s complexes en raison de la diversit\u00e9 des composantes de chaque pi\u00e8ce. Gr\u00e2ce \u00e0 une main-d\u2019\u0153uvre qualifi\u00e9e et sp\u00e9cialis\u00e9e dans le domaine depuis de nombreuses ann\u00e9es, RECYKINFO r\u00e9cup\u00e8re et recycle les d\u00e9chets technologiques de mani\u00e8re intelligente et sans danger pour l\u2019environnement. En plus d\u2019assurer la collecte des DEEE, RECYKINFO s\u2019occupe du d\u00e9sassemblage et du tri \u00e0 la main de l\u2019\u00e9quipement technologique qui est ensuite envoy\u00e9 \u00e0 diff\u00e9rentes usines de raffinage de mani\u00e8re \u00e9co-responsable. Certaines composantes sont retir\u00e9es et conditionn\u00e9es s\u00e9par\u00e9ment afin de les faire traiter par des partenaires sp\u00e9cialis\u00e9s et agr\u00e9\u00e9s.<\/p>\n<p>De plus, la proximit\u00e9 avec les fronti\u00e8res am\u00e9ricaines facilite l\u2019acc\u00e8s aux usines de raffinage situ\u00e9es aux \u00c9tats-Unis. Le transport ainsi minimis\u00e9 permet d\u2019exporter de fa\u00e7on plus \u00e9co-responsable.<\/p>\n<\/div><div class=\"fusion-clearfix\"><\/div><\/div><\/div><div class=\"fusion-layout-column fusion_builder_column fusion-builder-column-2 fusion_builder_column_1_5 1_5 fusion-one-fifth fusion-column-last\" style=\"--awb-bg-size:cover;width:20%;width:calc(20% - ( ( 4% + 4% ) * 0.2 ) );\"><div class=\"fusion-column-wrapper fusion-column-has-shadow fusion-flex-column-wrapper-legacy\"><div class=\"fusion-clearfix\"><\/div><\/div><\/div><\/div><\/div>\n","protected":false},"excerpt":{"rendered":"","protected":false},"author":2,"featured_media":0,"parent":0,"menu_order":0,"comment_status":"closed","ping_status":"closed","template":"100-width.php","meta":{"footnotes":""},"class_list":["post-1232","page","type-page","status-publish","hentry"],"yoast_head":"<!-- This site is optimized with the Yoast SEO plugin v26.6 - https:\/\/yoast.com\/wordpress\/plugins\/seo\/ -->\n<title>A propos de nous - Recykinfo<\/title>\n<meta name=\"robots\" content=\"index, follow, max-snippet:-1, max-image-preview:large, max-video-preview:-1\" \/>\n<link rel=\"canonical\" href=\"https:\/\/www.recykinfo.com\/fr\/a-propos-de-nous\/\" \/>\n<meta property=\"og:locale\" content=\"fr_FR\" \/>\n<meta property=\"og:type\" content=\"article\" \/>\n<meta property=\"og:title\" content=\"A propos de nous - Recykinfo\" \/>\n<meta property=\"og:url\" content=\"https:\/\/www.recykinfo.com\/fr\/a-propos-de-nous\/\" \/>\n<meta property=\"og:site_name\" content=\"Recykinfo\" \/>\n<meta property=\"article:modified_time\" content=\"2019-09-11T02:38:14+00:00\" \/>\n<meta name=\"twitter:card\" content=\"summary_large_image\" \/>\n<meta name=\"twitter:label1\" content=\"Dur\u00e9e de lecture estim\u00e9e\" \/>\n\t<meta name=\"twitter:data1\" content=\"3 minutes\" \/>\n<script type=\"application\/ld+json\" class=\"yoast-schema-graph\">{\"@context\":\"https:\/\/schema.org\",\"@graph\":[{\"@type\":\"WebPage\",\"@id\":\"https:\/\/www.recykinfo.com\/fr\/a-propos-de-nous\/\",\"url\":\"https:\/\/www.recykinfo.com\/fr\/a-propos-de-nous\/\",\"name\":\"A propos de nous - Recykinfo\",\"isPartOf\":{\"@id\":\"https:\/\/www.recykinfo.com\/fr\/#website\"},\"datePublished\":\"2019-08-21T14:46:32+00:00\",\"dateModified\":\"2019-09-11T02:38:14+00:00\",\"breadcrumb\":{\"@id\":\"https:\/\/www.recykinfo.com\/fr\/a-propos-de-nous\/#breadcrumb\"},\"inLanguage\":\"fr-FR\",\"potentialAction\":[{\"@type\":\"ReadAction\",\"target\":[\"https:\/\/www.recykinfo.com\/fr\/a-propos-de-nous\/\"]}]},{\"@type\":\"BreadcrumbList\",\"@id\":\"https:\/\/www.recykinfo.com\/fr\/a-propos-de-nous\/#breadcrumb\",\"itemListElement\":[{\"@type\":\"ListItem\",\"position\":1,\"name\":\"Home\",\"item\":\"https:\/\/www.recykinfo.com\/fr\/\"},{\"@type\":\"ListItem\",\"position\":2,\"name\":\"A propos de nous\"}]},{\"@type\":\"WebSite\",\"@id\":\"https:\/\/www.recykinfo.com\/fr\/#website\",\"url\":\"https:\/\/www.recykinfo.com\/fr\/\",\"name\":\"Recykinfo\",\"description\":\"\",\"potentialAction\":[{\"@type\":\"SearchAction\",\"target\":{\"@type\":\"EntryPoint\",\"urlTemplate\":\"https:\/\/www.recykinfo.com\/fr\/?s={search_term_string}\"},\"query-input\":{\"@type\":\"PropertyValueSpecification\",\"valueRequired\":true,\"valueName\":\"search_term_string\"}}],\"inLanguage\":\"fr-FR\"}]}<\/script>\n<!-- \/ Yoast SEO plugin. -->","yoast_head_json":{"title":"A propos de nous - Recykinfo","robots":{"index":"index","follow":"follow","max-snippet":"max-snippet:-1","max-image-preview":"max-image-preview:large","max-video-preview":"max-video-preview:-1"},"canonical":"https:\/\/www.recykinfo.com\/fr\/a-propos-de-nous\/","og_locale":"fr_FR","og_type":"article","og_title":"A propos de nous - Recykinfo","og_url":"https:\/\/www.recykinfo.com\/fr\/a-propos-de-nous\/","og_site_name":"Recykinfo","article_modified_time":"2019-09-11T02:38:14+00:00","twitter_card":"summary_large_image","twitter_misc":{"Dur\u00e9e de lecture estim\u00e9e":"3 minutes"},"schema":{"@context":"https:\/\/schema.org","@graph":[{"@type":"WebPage","@id":"https:\/\/www.recykinfo.com\/fr\/a-propos-de-nous\/","url":"https:\/\/www.recykinfo.com\/fr\/a-propos-de-nous\/","name":"A propos de nous - Recykinfo","isPartOf":{"@id":"https:\/\/www.recykinfo.com\/fr\/#website"},"datePublished":"2019-08-21T14:46:32+00:00","dateModified":"2019-09-11T02:38:14+00:00","breadcrumb":{"@id":"https:\/\/www.recykinfo.com\/fr\/a-propos-de-nous\/#breadcrumb"},"inLanguage":"fr-FR","potentialAction":[{"@type":"ReadAction","target":["https:\/\/www.recykinfo.com\/fr\/a-propos-de-nous\/"]}]},{"@type":"BreadcrumbList","@id":"https:\/\/www.recykinfo.com\/fr\/a-propos-de-nous\/#breadcrumb","itemListElement":[{"@type":"ListItem","position":1,"name":"Home","item":"https:\/\/www.recykinfo.com\/fr\/"},{"@type":"ListItem","position":2,"name":"A propos de nous"}]},{"@type":"WebSite","@id":"https:\/\/www.recykinfo.com\/fr\/#website","url":"https:\/\/www.recykinfo.com\/fr\/","name":"Recykinfo","description":"","potentialAction":[{"@type":"SearchAction","target":{"@type":"EntryPoint","urlTemplate":"https:\/\/www.recykinfo.com\/fr\/?s={search_term_string}"},"query-input":{"@type":"PropertyValueSpecification","valueRequired":true,"valueName":"search_term_string"}}],"inLanguage":"fr-FR"}]}},"_links":{"self":[{"href":"https:\/\/www.recykinfo.com\/fr\/wp-json\/wp\/v2\/pages\/1232","targetHints":{"allow":["GET"]}}],"collection":[{"href":"https:\/\/www.recykinfo.com\/fr\/wp-json\/wp\/v2\/pages"}],"about":[{"href":"https:\/\/www.recykinfo.com\/fr\/wp-json\/wp\/v2\/types\/page"}],"author":[{"embeddable":true,"href":"https:\/\/www.recykinfo.com\/fr\/wp-json\/wp\/v2\/users\/2"}],"replies":[{"embeddable":true,"href":"https:\/\/www.recykinfo.com\/fr\/wp-json\/wp\/v2\/comments?post=1232"}],"version-history":[{"count":2,"href":"https:\/\/www.recykinfo.com\/fr\/wp-json\/wp\/v2\/pages\/1232\/revisions"}],"predecessor-version":[{"id":1489,"href":"https:\/\/www.recykinfo.com\/fr\/wp-json\/wp\/v2\/pages\/1232\/revisions\/1489"}],"wp:attachment":[{"href":"https:\/\/www.recykinfo.com\/fr\/wp-json\/wp\/v2\/media?parent=1232"}],"curies":[{"name":"wp","href":"https:\/\/api.w.org\/{rel}","templated":true}]}}