{"id":1261,"date":"2019-08-21T11:31:19","date_gmt":"2019-08-21T15:31:19","guid":{"rendered":"https:\/\/www.recykinfo.com\/?page_id=1261"},"modified":"2019-09-10T23:34:52","modified_gmt":"2019-09-11T03:34:52","slug":"recyclage-electronique","status":"publish","type":"page","link":"https:\/\/www.recykinfo.com\/fr\/information\/recyclage-electronique\/","title":{"rendered":"Initiatives de recyclage"},"content":{"rendered":"<div class=\"fusion-fullwidth fullwidth-box fusion-builder-row-1 nonhundred-percent-fullwidth non-hundred-percent-height-scrolling\" style=\"--awb-border-radius-top-left:0px;--awb-border-radius-top-right:0px;--awb-border-radius-bottom-right:0px;--awb-border-radius-bottom-left:0px;--awb-margin-top:4%;--awb-flex-wrap:wrap;\" ><div class=\"fusion-builder-row fusion-row\"><div class=\"fusion-layout-column fusion_builder_column fusion-builder-column-0 fusion_builder_column_3_4 3_4 fusion-three-fourth fusion-column-first\" style=\"--awb-bg-size:cover;--awb-margin-bottom:0px;width:74%; margin-right: 4%;\"><div class=\"fusion-column-wrapper fusion-flex-column-wrapper-legacy\"><div class=\"fusion-text fusion-text-1\"><h2>Initiatives relatives aux d\u00e9chets de technologie de l\u2019information et de t\u00e9l\u00e9communications<\/h2>\n<p><em>Source: <a href=\"http:\/\/www.ec.gc.ca\/wmd-dgd\/default.asp?lang=Fr&amp;n=F3852FB1-1\">Environment Canada<\/a><\/em><\/p>\n<h3>Qu\u2019entend-on par d\u00e9chets de technologie de l\u2019information et de t\u00e9l\u00e9communications?<\/h3>\n<p>ILes d\u00e9chets de technologie de l\u2019information (TI) et de t\u00e9l\u00e9communications comprennent g\u00e9n\u00e9ralement les ordinateurs personnels et de bureau, les \u00e9crans, les ordinateurs portatifs, les serveurs, les scanneurs, les imprimantes et d\u2019autres p\u00e9riph\u00e9riques, de m\u00eame que les t\u00e9l\u00e9phones, les t\u00e9l\u00e9copieurs et les t\u00e9l\u00e9phones cellulaires.<\/p>\n<h3>Pourquoi l\u2019\u00e9limination de ces produits devient-elle de plus en plus probl\u00e9matique?<\/h3>\n<p>La quantit\u00e9 de d\u00e9chets de mat\u00e9riel informatique et de t\u00e9l\u00e9communications produite au Canada soul\u00e8ve des pr\u00e9occupations. Chaque jour, au Canada, du nouveau mat\u00e9riel de TI et de t\u00e9l\u00e9communications est vendu et, du m\u00eame coup, celui existant devient d\u00e9suet et est \u00e9limin\u00e9. \u00c0 l\u2019heure actuelle, ce mat\u00e9riel est recycl\u00e9 ou se retrouve dans des installations d\u2019\u00e9limination, principalement dans des sites d\u2019enfouissement.<\/p>\n<p>Entre 1992 et 2000, les Canadiens ont \u00e9limin\u00e9 119 177 tonnes d\u2019ordinateurs et d\u2019\u00e9crans, ce qui serait suffisant pour remplir 953 piscines olympiques!<\/p>\n<p>En 1999, on estime que 36 933 tonnes (42 %) de mat\u00e9riel de TI et de t\u00e9l\u00e9communications ont \u00e9t\u00e9 \u00e9limin\u00e9es, que 26 760 tonnes ont \u00e9t\u00e9 r\u00e9utilis\u00e9es (30 %), que 17 848 tonnes ont \u00e9t\u00e9 recycl\u00e9es (20 %) et que 6 610 tonnes ont \u00e9t\u00e9 entrepos\u00e9es (8 %).<\/p>\n<p>En 2005, au Canada, on pr\u00e9voit que 71 652 tonnes de mat\u00e9riel de TI (39 %) seront \u00e9limin\u00e9es, que 51 220 tonnes seront r\u00e9utilis\u00e9es (28 %), que 47 515 tonnes seront recycl\u00e9es (26 %) et que 12 734 tonnes seront entrepos\u00e9es (7 %).<\/p>\n<h3>Pourquoi les d\u00e9chets de t\u00e9l\u00e9communications et de technologie de l\u2019information peuvent-ils \u00eatre dangereux?<\/h3>\n<p>Le mat\u00e9riel de TI et de t\u00e9l\u00e9communications intact n\u2019est g\u00e9n\u00e9ralement pas consid\u00e9r\u00e9 comme dangereux au Canada. Toutefois, s\u2019il est incorrectement g\u00e9r\u00e9, il peut rejeter dans l\u2019environnement des substances comme le mercure, le plomb et le cadmium, qui sont consid\u00e9r\u00e9es comme toxiques selon la Loi canadienne sur la protection de l\u2019environnement de 1999. En fait, on estime que les ordinateurs et les \u00e9crans qui ont \u00e9t\u00e9 \u00e9limin\u00e9s au Canada en 1999 contenaient en tout 1 356 tonnes de plomb, environ deux tonnes de cadmium et 0,5 tonne de mercure.<\/p>\n<h3>R\u00e9utilisation et recyclage des d\u00e9chets de t\u00e9l\u00e9communications et de technologie de l\u2019information<\/h3>\n<p>Un certain nombre d\u2019organisations canadiennes, tant des entreprises \u00e0 but lucratif que des organisations sans but lucratif, participent \u00e0 la r\u00e9utilisation du mat\u00e9riel de TI et de t\u00e9l\u00e9communications. Elles re\u00e7oivent g\u00e9n\u00e9ralement le mat\u00e9riel de TI usag\u00e9 (de grandes quantit\u00e9s provenant de soci\u00e9t\u00e9s priv\u00e9es, dans bien des cas) dont elles font l\u2019essai pour v\u00e9rifier s\u2019il peut \u00eatre facilement r\u00e9utilis\u00e9. Souvent, le mat\u00e9riel fait l\u2019objet de r\u00e9parations ou de modifications mineures afin d\u2019en am\u00e9liorer le potentiel de r\u00e9utilisation (p. ex., ajout de m\u00e9moire au disque dur). Lorsque le mat\u00e9riel ne peut \u00eatre facilement r\u00e9utilis\u00e9, il est d\u00e9mont\u00e9 en vue d\u2019en r\u00e9cup\u00e9rer les pi\u00e8ces utiles, qui peuvent \u00eatre utilis\u00e9es dans le cadre de l\u2019exploitation ou vendues \u00e0 d\u2019autres entreprises. Les pi\u00e8ces non r\u00e9utilisables sont destin\u00e9es au recyclage. Les entreprises de \u00bb r\u00e9utilisation \u00bb paient pour obtenir certains composants, en r\u00e9cup\u00e8rent gratuitement et, parfois m\u00eame, se font payer pour en r\u00e9cup\u00e9rer d\u2019autres, selon l\u2019\u00e2ge.<\/p>\n<p>De plus, certains programmes de remise \u00e0 neuf et de recyclage sans but lucratif se d\u00e9marquent. C\u2019est le cas du programme Ordinateurs pour les \u00e9coles, qui est administr\u00e9 par Industrie Canada. Dans le cadre de ce programme, plus de soixante ateliers sont offerts aux quatre coins du Canada, et les responsables collaborent avec les \u00e9tablissements, les collectivit\u00e9s, les entreprises et les gouvernements afin de redistribuer le mat\u00e9riel informatique remis \u00e0 neuf \u00e0 des \u00e9coles primaires et secondaires canadiennes. Diverses entreprises participent \u00e9galement \u00e0 ce programme, comme Sears et Canadian Tire, qui exp\u00e9dient gratuitement les vieux ordinateurs aux responsables du programme. \u00c0 ce jour, gr\u00e2ce \u00e0 leur aide, plus de 350 000 ordinateurs ne se sont pas retrouv\u00e9s dans des sites d\u2019enfouissement.<\/p>\n<h3>Il est temps d\u2019agir!<\/h3>\n<p>Au Canada, la gestion des d\u00e9chets dangereux et des mati\u00e8res dangereuses recyclables est une responsabilit\u00e9 partag\u00e9e. Le gouvernement f\u00e9d\u00e9ral contr\u00f4le les mouvements interprovinciaux et internationaux des d\u00e9chets dangereux et des mati\u00e8res dangereuses recyclables. Les autorit\u00e9s provinciales r\u00e9glementent, dans leur province, l\u2019emplacement et l\u2019octroi de permis des sites de d\u00e9chets dangereux. Quant aux municipalit\u00e9s, elles g\u00e8rent g\u00e9n\u00e9ralement leurs sites d\u2019enfouissement, leurs centres de r\u00e9cup\u00e9ration des d\u00e9chets m\u00e9nagers dangereux ainsi que leurs programmes de recyclage de bo\u00eetes bleues.<\/p>\n<p>Au Canada, tout comme \u00e0 l\u2019\u00e9chelle internationale, on reconna\u00eet de plus en plus la n\u00e9cessit\u00e9 de mieux g\u00e9rer les aspects de fin de vie des d\u00e9chets de TI en raison de la quantit\u00e9 croissante de mat\u00e9riel \u00e9lectronique d\u00e9suet ainsi que de son incidence \u00e9ventuelle sur l\u2019environnement et la sant\u00e9 humaine attribuable \u00e0 une mauvaise gestion. En raison de sa complexit\u00e9, la gestion \u00e9cologiquement rationnelle des d\u00e9chets de TI n\u00e9cessite la collaboration des fabricants, des utilisateurs et des recycleurs de produits \u00e9lectroniques ainsi que des autorit\u00e9s gouvernementales, afin que ce mat\u00e9riel soit g\u00e9r\u00e9 et \u00e9limin\u00e9 d\u2019une fa\u00e7on respectueuse de l\u2019environnement.<\/p>\n<p>Le gouvernement du Canada soutien sans r\u00e9serve la gestion \u00e9cologiquement rationnelle des d\u00e9chets dangereux et des mati\u00e8res dangereuses recyclables, et travaille activement \u00e0 la gestion des d\u00e9chets de TI \u00e0 l\u2019\u00e9chelle nationale et internationale. Il collabore avec de nombreux partenaires \u00e0 ce dossier, notamment les fabricants, les producteurs, les collecteurs et les recycleurs, afin de tenir compte des nombreux aspects de la gestion du cycle de vie du mat\u00e9riel \u00e9lectronique d\u00e9suet.<\/p>\n<h4>Mesures \u00e0 prendre au niveau national<\/h4>\n<p>Nul doute qu\u2019un des facteurs qui contribuerait \u00e0 la r\u00e9ussite de cette initiative serait d\u2019encourager l\u2019industrie \u00e0 concevoir des produits plus \u00e9cologiques qui contiennent moins de composants dangereux et qui peuvent \u00eatre am\u00e9lior\u00e9s ou recycl\u00e9s plus facilement, ce que fait actuellement le secteur des t\u00e9l\u00e9communications et de la TI.<\/p>\n<p>Entre-temps, nous travaillons en \u00e9troite collaboration avec le secteur canadien de l\u2019industrie \u00e9lectronique afin d\u2019\u00e9laborer un programme national de recyclage et de r\u00e9cup\u00e9ration de produits \u00e9lectroniques usag\u00e9s. Ce projet sera financ\u00e9 par l\u2019industrie.<\/p>\n<p>Des minist\u00e8res f\u00e9d\u00e9raux (notamment Environnement Canada, Industrie Canada et Ressources naturelles Canada), des minist\u00e8res de l\u2019environnement provinciaux et des municipalit\u00e9s canadiennes participent activement \u00e0 la promotion de ce programme de responsabilit\u00e9 des producteurs.<\/p>\n<p>L\u2019industrie pr\u00e9voit mettre en \u0153uvre son programme de r\u00e9cup\u00e9ration et de recyclage de mat\u00e9riel \u00e9lectronique \u00e0 compter de 2003, pendant une p\u00e9riode de 4 ou 5 ans. Au d\u00e9part, seuls les ordinateurs, les p\u00e9riph\u00e9riques et les t\u00e9l\u00e9viseurs seront vis\u00e9s, mais on pr\u00e9voit r\u00e9cup\u00e9rer d\u2019autres types d\u2019appareils \u00e9lectroniques \u00e0 mesure que le programme sera d\u00e9velopp\u00e9. L\u2019objectif de ce programme est de r\u00e9cup\u00e9rer les rebuts \u00e9lectroniques usag\u00e9s et de voir \u00e0 ce qu\u2019ils soient r\u00e9utilis\u00e9s, recycl\u00e9s ou (en dernier recours) \u00e9limin\u00e9s d\u2019une fa\u00e7on respectueuse de l\u2019environnement.<\/p>\n<h4>Mesures \u00e0 prendre au niveau international<\/h4>\n<p>Le Canada est partie \u00e0 la Convention de B\u00e2le au niveau international. Cette convention vise \u00e0 contr\u00f4ler les exportations de d\u00e9chets dangereux afin qu\u2019ils ne soient pas export\u00e9s vers des pays qui peuvent ne pas \u00eatre en mesure de les g\u00e9rer d\u2019une fa\u00e7on respectueuse de l\u2019environnement. Les parties \u00e0 la Convention de B\u00e2le ont convenu de la n\u00e9cessit\u00e9 de se pencher sur cette question. Lors de la plus r\u00e9cente conf\u00e9rence des parties, en d\u00e9cembre 2002, le Canada a indiqu\u00e9 qu\u2019il soutenait sans r\u00e9serve la d\u00e9cision d\u2019inclure les r\u00e9sidus \u00e9lectroniques en tant que priorit\u00e9 pour des projets de gestion \u00e9cologiquement rationnelle.<\/p>\n<p>Le Canada a \u00e9galement jou\u00e9 un r\u00f4le important dans l\u2019\u00e9tablissement d\u2019une entente entre la Convention de B\u00e2le et dix fabricants importants visant \u00e0 \u00e9laborer un programme international de gestion \u00e9cologiquement rationnelle des vieux t\u00e9l\u00e9phones cellulaires.<\/p>\n<p>Conform\u00e9ment \u00e0 la Convention de B\u00e2le, le Canada respecte ses obligations de contr\u00f4ler l\u2019importation et l\u2019exportation de d\u00e9chets dangereux au moyen de r\u00e8glements en vertu de la Loi canadienne sur la protection de l\u2019environnement. Conform\u00e9ment au R\u00e8glement sur l\u2019exportation et l\u2019importation des d\u00e9chets dangereux, toute exportation de d\u00e9chets dangereux doit \u00eatre accompagn\u00e9e d\u2019un avis et recevoir l\u2019approbation du pays d\u2019importation avant la d\u00e9livrance d\u2019un permis d\u2019exportation. Ce r\u00e8glement interdit \u00e9galement toute exportation de d\u00e9chets dangereux \u00e0 des pays qui en interdissent l\u2019importation.<\/p>\n<p>Les d\u00e9chets \u00e9lectroniques sont assujettis au R\u00e8glement sur l\u2019exportation et l\u2019importation des d\u00e9chets dangereux s\u2019ils contiennent des interrupteurs \u00e0 mercure, des piles ou des BPC, ou encore s\u2019ils sont d\u00e9chiquet\u00e9s et pourraient lib\u00e9rer des composants dangereux dans l\u2019environnement. Cette d\u00e9finition fait actuellement l\u2019objet d\u2019une r\u00e9vision dans le cadre du processus de modifications continues de ce r\u00e8glement.<\/p>\n<p>Le Canada encourage la formulation de recommandations de port\u00e9e internationale sur la gestion \u00e9cologiquement rationnelle de divers types de d\u00e9chets dangereux et de mati\u00e8res dangereuses recyclables, de m\u00eame que l\u2019\u00e9change de cette information avec des pays membres de la Convention de B\u00e2le.<\/p>\n<h3>Vous voulez apporter votre contribution?<\/h3>\n<p>Ce que vous pouvez faire pour faciliter la gestion de cet enjeu environnemental:<\/p>\n<ul>\n<li>dans la mesure du possible, mettez votre ordinateur \u00e0 niveau au lieu de le remplacer;<\/li>\n<li>renseignez-vous aupr\u00e8s du fabricant de votre mat\u00e9riel sur ses politiques et ses programmes de r\u00e9cup\u00e9ration de ses produits;<\/li>\n<li>donnez votre vieux mat\u00e9riel informatique \u00e0 un membre de votre famille, \u00e0 un ami ou \u00e0 un organisme de bienfaisance;<\/li>\n<li>trouvez, dans votre collectivit\u00e9, un endroit qui accepte du vieux mat\u00e9riel informatique en vue de le remettre en \u00e9tat;<\/li>\n<li>renseignez-vous aupr\u00e8s de votre municipalit\u00e9 ou d\u2019un magasin d\u2019informatique local sur les options possibles dans votre r\u00e9gion en mati\u00e8re d\u2019\u00e9limination ou de recyclage;<\/li>\n<li>tenez-vous au courant en consultant la Voie verte et en lisant le bulletin EnviroZine d\u2019Environnement Canada;<\/li>\n<li>informez les membres de votre collectivit\u00e9 de cet enjeu en leur transmettant ces renseignements!<\/li>\n<\/ul>\n<p>Visitez ces sites Web pour en d\u00e9couvrir davantage:<\/p>\n<ul>\n<li><a href=\"http:\/\/www.ec.gc.ca\/nopp\/fr\/index.cfm\">Bureau national de la pr\u00e9vention de la pollution<\/a><\/li>\n<li><a href=\"http:\/\/cfs-ope.ic.gc.ca\/Default.asp?lang=fr\">Ordinateurs pour les \u00e9coles<\/a><\/li>\n<\/ul>\n<\/div><div class=\"fusion-clearfix\"><\/div><\/div><\/div><div class=\"fusion-layout-column fusion_builder_column fusion-builder-column-1 fusion_builder_column_1_4 1_4 fusion-one-fourth fusion-column-last\" style=\"--awb-bg-size:cover;width:22%;\"><div class=\"fusion-column-wrapper fusion-column-has-shadow fusion-flex-column-wrapper-legacy\"><div class=\"fusion-widget-area awb-widget-area-element fusion-widget-area-1 fusion-content-widget-area\" style=\"--awb-title-color:#252525;--awb-padding:0px 0px 0px 0px;\"><div id=\"nav_menu-9\" class=\"widget widget_nav_menu\"><div class=\"heading\"><h4 class=\"widget-title\">Plus d&rsquo;information<\/h4><\/div><div class=\"menu-information-french-container\"><ul id=\"menu-information-french\" class=\"menu\"><li id=\"menu-item-1367\" class=\"menu-item menu-item-type-post_type menu-item-object-page menu-item-1367\"><a href=\"https:\/\/www.recykinfo.com\/fr\/information\/choisir-votre-recycleur\/\">Choisir votre recycleur<\/a><\/li>\n<li id=\"menu-item-1368\" class=\"menu-item menu-item-type-post_type menu-item-object-page menu-item-1368\"><a href=\"https:\/\/www.recykinfo.com\/fr\/information\/dechets-electroniques\/\">Processus de recyclage<\/a><\/li>\n<li id=\"menu-item-1369\" class=\"menu-item menu-item-type-post_type menu-item-object-page menu-item-1369\"><a href=\"https:\/\/www.recykinfo.com\/fr\/information\/rohs-directive\/\">Directive RoHS<\/a><\/li>\n<li id=\"menu-item-1370\" class=\"menu-item menu-item-type-post_type menu-item-object-page menu-item-1370\"><a href=\"https:\/\/www.recykinfo.com\/fr\/information\/recyclage-electronique\/\">Initiatives de recyclage<\/a><\/li>\n<\/ul><\/div><\/div><div id=\"search-11\" class=\"widget widget_search\"><div class=\"heading\"><h4 class=\"widget-title\">Recherche<\/h4><\/div>\t\t<form role=\"search\" class=\"searchform fusion-search-form  fusion-search-form-classic\" method=\"get\" action=\"https:\/\/www.recykinfo.com\/fr\/\">\n\t\t\t<div class=\"fusion-search-form-content\">\n\n\t\t\t\t\n\t\t\t\t<div class=\"fusion-search-field search-field\">\n\t\t\t\t\t<label><span class=\"screen-reader-text\">Search for:<\/span>\n\t\t\t\t\t\t\t\t\t\t\t\t\t<input type=\"search\" value=\"\" name=\"s\" class=\"s\" placeholder=\"Search...\" required aria-required=\"true\" aria-label=\"Search...\"\/>\n\t\t\t\t\t\t\t\t\t\t\t<\/label>\n\t\t\t\t<\/div>\n\t\t\t\t<div class=\"fusion-search-button search-button\">\n\t\t\t\t\t<input type=\"submit\" class=\"fusion-search-submit searchsubmit\" aria-label=\"Search\" value=\"&#xf002;\" \/>\n\t\t\t\t\t\t\t\t\t<\/div>\n\n\t\t\t\t\n\t\t\t<\/div>\n\n\n\t\t\t\n\t\t<\/form>\n\t\t<\/div><div class=\"fusion-additional-widget-content\"><\/div><\/div><div class=\"fusion-clearfix\"><\/div><\/div><\/div><\/div><\/div>\n","protected":false},"excerpt":{"rendered":"","protected":false},"author":2,"featured_media":0,"parent":1256,"menu_order":0,"comment_status":"closed","ping_status":"closed","template":"","meta":{"footnotes":""},"class_list":["post-1261","page","type-page","status-publish","hentry"],"yoast_head":"<!-- This site is optimized with the Yoast SEO plugin v26.6 - https:\/\/yoast.com\/wordpress\/plugins\/seo\/ -->\n<title>Encourageons le recyclage du m\u00e9tal et d\u00e9chets \u00e9lectroniques - Recykinfo<\/title>\n<meta name=\"description\" content=\"Aidez Recykinfo dans ses Initiatives relatives aux d\u00e9chets de technologie de l\u2019information et de t\u00e9l\u00e9communications: ordinateurs, \u00e9crans, cellulaires, etc.\" \/>\n<meta name=\"robots\" content=\"index, follow, max-snippet:-1, max-image-preview:large, max-video-preview:-1\" \/>\n<link rel=\"canonical\" href=\"https:\/\/www.recykinfo.com\/fr\/information\/recyclage-electronique\/\" \/>\n<meta property=\"og:locale\" content=\"fr_FR\" \/>\n<meta property=\"og:type\" content=\"article\" \/>\n<meta property=\"og:title\" content=\"Encourageons le recyclage du m\u00e9tal et d\u00e9chets \u00e9lectroniques - Recykinfo\" \/>\n<meta property=\"og:description\" content=\"Aidez Recykinfo dans ses Initiatives relatives aux d\u00e9chets de technologie de l\u2019information et de t\u00e9l\u00e9communications: ordinateurs, \u00e9crans, cellulaires, etc.\" \/>\n<meta property=\"og:url\" content=\"https:\/\/www.recykinfo.com\/fr\/information\/recyclage-electronique\/\" \/>\n<meta property=\"og:site_name\" content=\"Recykinfo\" \/>\n<meta property=\"article:modified_time\" content=\"2019-09-11T03:34:52+00:00\" \/>\n<meta name=\"twitter:card\" content=\"summary_large_image\" \/>\n<meta name=\"twitter:label1\" content=\"Dur\u00e9e de lecture estim\u00e9e\" \/>\n\t<meta name=\"twitter:data1\" content=\"11 minutes\" \/>\n<script type=\"application\/ld+json\" class=\"yoast-schema-graph\">{\"@context\":\"https:\/\/schema.org\",\"@graph\":[{\"@type\":\"WebPage\",\"@id\":\"https:\/\/www.recykinfo.com\/fr\/information\/recyclage-electronique\/\",\"url\":\"https:\/\/www.recykinfo.com\/fr\/information\/recyclage-electronique\/\",\"name\":\"Encourageons le recyclage du m\u00e9tal et d\u00e9chets \u00e9lectroniques - Recykinfo\",\"isPartOf\":{\"@id\":\"https:\/\/www.recykinfo.com\/fr\/#website\"},\"datePublished\":\"2019-08-21T15:31:19+00:00\",\"dateModified\":\"2019-09-11T03:34:52+00:00\",\"description\":\"Aidez Recykinfo dans ses Initiatives relatives aux d\u00e9chets de technologie de l\u2019information et de t\u00e9l\u00e9communications: ordinateurs, \u00e9crans, cellulaires, etc.\",\"breadcrumb\":{\"@id\":\"https:\/\/www.recykinfo.com\/fr\/information\/recyclage-electronique\/#breadcrumb\"},\"inLanguage\":\"fr-FR\",\"potentialAction\":[{\"@type\":\"ReadAction\",\"target\":[\"https:\/\/www.recykinfo.com\/fr\/information\/recyclage-electronique\/\"]}]},{\"@type\":\"BreadcrumbList\",\"@id\":\"https:\/\/www.recykinfo.com\/fr\/information\/recyclage-electronique\/#breadcrumb\",\"itemListElement\":[{\"@type\":\"ListItem\",\"position\":1,\"name\":\"Home\",\"item\":\"https:\/\/www.recykinfo.com\/fr\/\"},{\"@type\":\"ListItem\",\"position\":2,\"name\":\"Informations\",\"item\":\"https:\/\/www.recykinfo.com\/fr\/information\/\"},{\"@type\":\"ListItem\",\"position\":3,\"name\":\"Initiatives de recyclage\"}]},{\"@type\":\"WebSite\",\"@id\":\"https:\/\/www.recykinfo.com\/fr\/#website\",\"url\":\"https:\/\/www.recykinfo.com\/fr\/\",\"name\":\"Recykinfo\",\"description\":\"\",\"potentialAction\":[{\"@type\":\"SearchAction\",\"target\":{\"@type\":\"EntryPoint\",\"urlTemplate\":\"https:\/\/www.recykinfo.com\/fr\/?s={search_term_string}\"},\"query-input\":{\"@type\":\"PropertyValueSpecification\",\"valueRequired\":true,\"valueName\":\"search_term_string\"}}],\"inLanguage\":\"fr-FR\"}]}<\/script>\n<!-- \/ Yoast SEO plugin. -->","yoast_head_json":{"title":"Encourageons le recyclage du m\u00e9tal et d\u00e9chets \u00e9lectroniques - Recykinfo","description":"Aidez Recykinfo dans ses Initiatives relatives aux d\u00e9chets de technologie de l\u2019information et de t\u00e9l\u00e9communications: ordinateurs, \u00e9crans, cellulaires, etc.","robots":{"index":"index","follow":"follow","max-snippet":"max-snippet:-1","max-image-preview":"max-image-preview:large","max-video-preview":"max-video-preview:-1"},"canonical":"https:\/\/www.recykinfo.com\/fr\/information\/recyclage-electronique\/","og_locale":"fr_FR","og_type":"article","og_title":"Encourageons le recyclage du m\u00e9tal et d\u00e9chets \u00e9lectroniques - Recykinfo","og_description":"Aidez Recykinfo dans ses Initiatives relatives aux d\u00e9chets de technologie de l\u2019information et de t\u00e9l\u00e9communications: ordinateurs, \u00e9crans, cellulaires, etc.","og_url":"https:\/\/www.recykinfo.com\/fr\/information\/recyclage-electronique\/","og_site_name":"Recykinfo","article_modified_time":"2019-09-11T03:34:52+00:00","twitter_card":"summary_large_image","twitter_misc":{"Dur\u00e9e de lecture estim\u00e9e":"11 minutes"},"schema":{"@context":"https:\/\/schema.org","@graph":[{"@type":"WebPage","@id":"https:\/\/www.recykinfo.com\/fr\/information\/recyclage-electronique\/","url":"https:\/\/www.recykinfo.com\/fr\/information\/recyclage-electronique\/","name":"Encourageons le recyclage du m\u00e9tal et d\u00e9chets \u00e9lectroniques - Recykinfo","isPartOf":{"@id":"https:\/\/www.recykinfo.com\/fr\/#website"},"datePublished":"2019-08-21T15:31:19+00:00","dateModified":"2019-09-11T03:34:52+00:00","description":"Aidez Recykinfo dans ses Initiatives relatives aux d\u00e9chets de technologie de l\u2019information et de t\u00e9l\u00e9communications: ordinateurs, \u00e9crans, cellulaires, etc.","breadcrumb":{"@id":"https:\/\/www.recykinfo.com\/fr\/information\/recyclage-electronique\/#breadcrumb"},"inLanguage":"fr-FR","potentialAction":[{"@type":"ReadAction","target":["https:\/\/www.recykinfo.com\/fr\/information\/recyclage-electronique\/"]}]},{"@type":"BreadcrumbList","@id":"https:\/\/www.recykinfo.com\/fr\/information\/recyclage-electronique\/#breadcrumb","itemListElement":[{"@type":"ListItem","position":1,"name":"Home","item":"https:\/\/www.recykinfo.com\/fr\/"},{"@type":"ListItem","position":2,"name":"Informations","item":"https:\/\/www.recykinfo.com\/fr\/information\/"},{"@type":"ListItem","position":3,"name":"Initiatives de recyclage"}]},{"@type":"WebSite","@id":"https:\/\/www.recykinfo.com\/fr\/#website","url":"https:\/\/www.recykinfo.com\/fr\/","name":"Recykinfo","description":"","potentialAction":[{"@type":"SearchAction","target":{"@type":"EntryPoint","urlTemplate":"https:\/\/www.recykinfo.com\/fr\/?s={search_term_string}"},"query-input":{"@type":"PropertyValueSpecification","valueRequired":true,"valueName":"search_term_string"}}],"inLanguage":"fr-FR"}]}},"_links":{"self":[{"href":"https:\/\/www.recykinfo.com\/fr\/wp-json\/wp\/v2\/pages\/1261","targetHints":{"allow":["GET"]}}],"collection":[{"href":"https:\/\/www.recykinfo.com\/fr\/wp-json\/wp\/v2\/pages"}],"about":[{"href":"https:\/\/www.recykinfo.com\/fr\/wp-json\/wp\/v2\/types\/page"}],"author":[{"embeddable":true,"href":"https:\/\/www.recykinfo.com\/fr\/wp-json\/wp\/v2\/users\/2"}],"replies":[{"embeddable":true,"href":"https:\/\/www.recykinfo.com\/fr\/wp-json\/wp\/v2\/comments?post=1261"}],"version-history":[{"count":2,"href":"https:\/\/www.recykinfo.com\/fr\/wp-json\/wp\/v2\/pages\/1261\/revisions"}],"predecessor-version":[{"id":1524,"href":"https:\/\/www.recykinfo.com\/fr\/wp-json\/wp\/v2\/pages\/1261\/revisions\/1524"}],"up":[{"embeddable":true,"href":"https:\/\/www.recykinfo.com\/fr\/wp-json\/wp\/v2\/pages\/1256"}],"wp:attachment":[{"href":"https:\/\/www.recykinfo.com\/fr\/wp-json\/wp\/v2\/media?parent=1261"}],"curies":[{"name":"wp","href":"https:\/\/api.w.org\/{rel}","templated":true}]}}