{"id":1265,"date":"2019-08-21T11:41:42","date_gmt":"2019-08-21T15:41:42","guid":{"rendered":"https:\/\/www.recykinfo.com\/?page_id=1265"},"modified":"2019-09-10T23:35:18","modified_gmt":"2019-09-11T03:35:18","slug":"dechets-electroniques","status":"publish","type":"page","link":"https:\/\/www.recykinfo.com\/fr\/information\/dechets-electroniques\/","title":{"rendered":"Processus de recyclage"},"content":{"rendered":"<div class=\"fusion-fullwidth fullwidth-box fusion-builder-row-1 nonhundred-percent-fullwidth non-hundred-percent-height-scrolling\" style=\"--awb-border-radius-top-left:0px;--awb-border-radius-top-right:0px;--awb-border-radius-bottom-right:0px;--awb-border-radius-bottom-left:0px;--awb-margin-top:4%;--awb-flex-wrap:wrap;\" ><div class=\"fusion-builder-row fusion-row\"><div class=\"fusion-layout-column fusion_builder_column fusion-builder-column-0 fusion_builder_column_3_4 3_4 fusion-three-fourth fusion-column-first\" style=\"--awb-bg-size:cover;--awb-margin-bottom:0px;width:74%; margin-right: 4%;\"><div class=\"fusion-column-wrapper fusion-flex-column-wrapper-legacy\"><div class=\"fusion-text fusion-text-1\"><h2>Que deviennent les mati\u00e8res que nous r\u00e9cup\u00e9rons?<\/h2>\n<p>Les mati\u00e8res r\u00e9cup\u00e9r\u00e9es offrent aujourd\u2019hui des possibilit\u00e9s de recyclage \u00e9tonnantes. Saviez-vous par exemple que<\/p>\n<ul>\n<li>Le papier journal r\u00e9cup\u00e9r\u00e9 peut servir \u00e0 fabriquer de la liti\u00e8re pour les animaux?<\/li>\n<li>Que le verre entre dans la composition de blocs de b\u00e9ton?<\/li>\n<li>Qu\u2019un v\u00eatement en polar peut \u00eatre fabriqu\u00e9 \u00e0 l\u2019aide de plastique r\u00e9cup\u00e9r\u00e9?<\/li>\n<\/ul>\n<p>Cette section comporte une liste de produits fabriqu\u00e9s \u00e0 partir de ces ressources importantes que sont nos mati\u00e8res r\u00e9siduelles.<\/p>\n<h2>L\u2019acier r\u00e9cup\u00e9r\u00e9 est utilis\u00e9 pour produire<\/h2>\n<ul>\n<li>des pi\u00e8ces de moteur<\/li>\n<li>des outils<\/li>\n<li>des bo\u00eetes de conserve<\/li>\n<li>des clous<\/li>\n<li>des cadres<\/li>\n<li>du lamin\u00e9 plat pour faire des appareils \u00e9lectrom\u00e9nagers<\/li>\n<li>des structures d\u2019acier divers (par exemple des poutrelles)\n<ul>\n<li>pour les ponts<\/li>\n<li>pour les b\u00e2timents<\/li>\n<li>pour les automobiles<\/li>\n<li>des ronds \u00e0 b\u00e9ton (tiges d\u2019armature)<\/li>\n<li>du fil<\/li>\n<\/ul>\n<\/li>\n<\/ul>\n<h2>L\u2019aluminium r\u00e9cup\u00e9r\u00e9 est utilis\u00e9 pour produire<\/h2>\n<ul>\n<li>des canettes<\/li>\n<li>du papier d\u2019emballage<\/li>\n<li>des meubles de jardin<\/li>\n<li>des contenants divers<\/li>\n<li>des mat\u00e9riaux de construction<\/li>\n<li>des pi\u00e8ces d\u2019automobile (culasses, jantes, bo\u00eetes de vitesses, etc.)<\/li>\n<\/ul>\n<\/div><div class=\"fusion-clearfix\"><\/div><\/div><\/div><div class=\"fusion-layout-column fusion_builder_column fusion-builder-column-1 fusion_builder_column_1_4 1_4 fusion-one-fourth fusion-column-last\" style=\"--awb-bg-size:cover;width:22%;\"><div class=\"fusion-column-wrapper fusion-column-has-shadow fusion-flex-column-wrapper-legacy\"><div class=\"fusion-widget-area awb-widget-area-element fusion-widget-area-1 fusion-content-widget-area\" style=\"--awb-title-color:#252525;--awb-padding:0px 0px 0px 0px;\"><div id=\"nav_menu-9\" class=\"widget widget_nav_menu\"><div class=\"heading\"><h4 class=\"widget-title\">Plus d&rsquo;information<\/h4><\/div><div class=\"menu-information-french-container\"><ul id=\"menu-information-french\" class=\"menu\"><li id=\"menu-item-1367\" class=\"menu-item menu-item-type-post_type menu-item-object-page menu-item-1367\"><a href=\"https:\/\/www.recykinfo.com\/fr\/information\/choisir-votre-recycleur\/\">Choisir votre recycleur<\/a><\/li>\n<li id=\"menu-item-1368\" class=\"menu-item menu-item-type-post_type menu-item-object-page menu-item-1368\"><a href=\"https:\/\/www.recykinfo.com\/fr\/information\/dechets-electroniques\/\">Processus de recyclage<\/a><\/li>\n<li id=\"menu-item-1369\" class=\"menu-item menu-item-type-post_type menu-item-object-page menu-item-1369\"><a href=\"https:\/\/www.recykinfo.com\/fr\/information\/rohs-directive\/\">Directive RoHS<\/a><\/li>\n<li id=\"menu-item-1370\" class=\"menu-item menu-item-type-post_type menu-item-object-page menu-item-1370\"><a href=\"https:\/\/www.recykinfo.com\/fr\/information\/recyclage-electronique\/\">Initiatives de recyclage<\/a><\/li>\n<\/ul><\/div><\/div><div id=\"search-11\" class=\"widget widget_search\"><div class=\"heading\"><h4 class=\"widget-title\">Recherche<\/h4><\/div>\t\t<form role=\"search\" class=\"searchform fusion-search-form  fusion-search-form-classic\" method=\"get\" action=\"https:\/\/www.recykinfo.com\/fr\/\">\n\t\t\t<div class=\"fusion-search-form-content\">\n\n\t\t\t\t\n\t\t\t\t<div class=\"fusion-search-field search-field\">\n\t\t\t\t\t<label><span class=\"screen-reader-text\">Search for:<\/span>\n\t\t\t\t\t\t\t\t\t\t\t\t\t<input type=\"search\" value=\"\" name=\"s\" class=\"s\" placeholder=\"Search...\" required aria-required=\"true\" aria-label=\"Search...\"\/>\n\t\t\t\t\t\t\t\t\t\t\t<\/label>\n\t\t\t\t<\/div>\n\t\t\t\t<div class=\"fusion-search-button search-button\">\n\t\t\t\t\t<input type=\"submit\" class=\"fusion-search-submit searchsubmit\" aria-label=\"Search\" value=\"&#xf002;\" \/>\n\t\t\t\t\t\t\t\t\t<\/div>\n\n\t\t\t\t\n\t\t\t<\/div>\n\n\n\t\t\t\n\t\t<\/form>\n\t\t<\/div><div class=\"fusion-additional-widget-content\"><\/div><\/div><div class=\"fusion-clearfix\"><\/div><\/div><\/div><\/div><\/div>\n","protected":false},"excerpt":{"rendered":"","protected":false},"author":2,"featured_media":0,"parent":1256,"menu_order":0,"comment_status":"closed","ping_status":"closed","template":"","meta":{"footnotes":""},"class_list":["post-1265","page","type-page","status-publish","hentry"],"yoast_head":"<!-- This site is optimized with the Yoast SEO plugin v26.6 - https:\/\/yoast.com\/wordpress\/plugins\/seo\/ -->\n<title>Recyclage de m\u00e9tal et d\u00e9chets \u00e9lectroniques - Recykinfo<\/title>\n<meta name=\"description\" content=\"Le recyclage du m\u00e9tal donne des pi\u00e8ces de moteur, des outils, le recyclage de l&#039;aluminium des canettes, nous recyclons aussi le verre et le plastique, etc.\" \/>\n<meta name=\"robots\" content=\"index, follow, max-snippet:-1, max-image-preview:large, max-video-preview:-1\" \/>\n<link rel=\"canonical\" href=\"https:\/\/www.recykinfo.com\/fr\/information\/dechets-electroniques\/\" \/>\n<meta property=\"og:locale\" content=\"fr_FR\" \/>\n<meta property=\"og:type\" content=\"article\" \/>\n<meta property=\"og:title\" content=\"Recyclage de m\u00e9tal et d\u00e9chets \u00e9lectroniques - Recykinfo\" \/>\n<meta property=\"og:description\" content=\"Le recyclage du m\u00e9tal donne des pi\u00e8ces de moteur, des outils, le recyclage de l&#039;aluminium des canettes, nous recyclons aussi le verre et le plastique, etc.\" \/>\n<meta property=\"og:url\" content=\"https:\/\/www.recykinfo.com\/fr\/information\/dechets-electroniques\/\" \/>\n<meta property=\"og:site_name\" content=\"Recykinfo\" \/>\n<meta property=\"article:modified_time\" content=\"2019-09-11T03:35:18+00:00\" \/>\n<meta name=\"twitter:card\" content=\"summary_large_image\" \/>\n<meta name=\"twitter:label1\" content=\"Dur\u00e9e de lecture estim\u00e9e\" \/>\n\t<meta name=\"twitter:data1\" content=\"3 minutes\" \/>\n<script type=\"application\/ld+json\" class=\"yoast-schema-graph\">{\"@context\":\"https:\/\/schema.org\",\"@graph\":[{\"@type\":\"WebPage\",\"@id\":\"https:\/\/www.recykinfo.com\/fr\/information\/dechets-electroniques\/\",\"url\":\"https:\/\/www.recykinfo.com\/fr\/information\/dechets-electroniques\/\",\"name\":\"Recyclage de m\u00e9tal et d\u00e9chets \u00e9lectroniques - Recykinfo\",\"isPartOf\":{\"@id\":\"https:\/\/www.recykinfo.com\/fr\/#website\"},\"datePublished\":\"2019-08-21T15:41:42+00:00\",\"dateModified\":\"2019-09-11T03:35:18+00:00\",\"description\":\"Le recyclage du m\u00e9tal donne des pi\u00e8ces de moteur, des outils, le recyclage de l'aluminium des canettes, nous recyclons aussi le verre et le plastique, etc.\",\"breadcrumb\":{\"@id\":\"https:\/\/www.recykinfo.com\/fr\/information\/dechets-electroniques\/#breadcrumb\"},\"inLanguage\":\"fr-FR\",\"potentialAction\":[{\"@type\":\"ReadAction\",\"target\":[\"https:\/\/www.recykinfo.com\/fr\/information\/dechets-electroniques\/\"]}]},{\"@type\":\"BreadcrumbList\",\"@id\":\"https:\/\/www.recykinfo.com\/fr\/information\/dechets-electroniques\/#breadcrumb\",\"itemListElement\":[{\"@type\":\"ListItem\",\"position\":1,\"name\":\"Home\",\"item\":\"https:\/\/www.recykinfo.com\/fr\/\"},{\"@type\":\"ListItem\",\"position\":2,\"name\":\"Informations\",\"item\":\"https:\/\/www.recykinfo.com\/fr\/information\/\"},{\"@type\":\"ListItem\",\"position\":3,\"name\":\"Processus de recyclage\"}]},{\"@type\":\"WebSite\",\"@id\":\"https:\/\/www.recykinfo.com\/fr\/#website\",\"url\":\"https:\/\/www.recykinfo.com\/fr\/\",\"name\":\"Recykinfo\",\"description\":\"\",\"potentialAction\":[{\"@type\":\"SearchAction\",\"target\":{\"@type\":\"EntryPoint\",\"urlTemplate\":\"https:\/\/www.recykinfo.com\/fr\/?s={search_term_string}\"},\"query-input\":{\"@type\":\"PropertyValueSpecification\",\"valueRequired\":true,\"valueName\":\"search_term_string\"}}],\"inLanguage\":\"fr-FR\"}]}<\/script>\n<!-- \/ Yoast SEO plugin. -->","yoast_head_json":{"title":"Recyclage de m\u00e9tal et d\u00e9chets \u00e9lectroniques - Recykinfo","description":"Le recyclage du m\u00e9tal donne des pi\u00e8ces de moteur, des outils, le recyclage de l'aluminium des canettes, nous recyclons aussi le verre et le plastique, etc.","robots":{"index":"index","follow":"follow","max-snippet":"max-snippet:-1","max-image-preview":"max-image-preview:large","max-video-preview":"max-video-preview:-1"},"canonical":"https:\/\/www.recykinfo.com\/fr\/information\/dechets-electroniques\/","og_locale":"fr_FR","og_type":"article","og_title":"Recyclage de m\u00e9tal et d\u00e9chets \u00e9lectroniques - Recykinfo","og_description":"Le recyclage du m\u00e9tal donne des pi\u00e8ces de moteur, des outils, le recyclage de l'aluminium des canettes, nous recyclons aussi le verre et le plastique, etc.","og_url":"https:\/\/www.recykinfo.com\/fr\/information\/dechets-electroniques\/","og_site_name":"Recykinfo","article_modified_time":"2019-09-11T03:35:18+00:00","twitter_card":"summary_large_image","twitter_misc":{"Dur\u00e9e de lecture estim\u00e9e":"3 minutes"},"schema":{"@context":"https:\/\/schema.org","@graph":[{"@type":"WebPage","@id":"https:\/\/www.recykinfo.com\/fr\/information\/dechets-electroniques\/","url":"https:\/\/www.recykinfo.com\/fr\/information\/dechets-electroniques\/","name":"Recyclage de m\u00e9tal et d\u00e9chets \u00e9lectroniques - Recykinfo","isPartOf":{"@id":"https:\/\/www.recykinfo.com\/fr\/#website"},"datePublished":"2019-08-21T15:41:42+00:00","dateModified":"2019-09-11T03:35:18+00:00","description":"Le recyclage du m\u00e9tal donne des pi\u00e8ces de moteur, des outils, le recyclage de l'aluminium des canettes, nous recyclons aussi le verre et le plastique, etc.","breadcrumb":{"@id":"https:\/\/www.recykinfo.com\/fr\/information\/dechets-electroniques\/#breadcrumb"},"inLanguage":"fr-FR","potentialAction":[{"@type":"ReadAction","target":["https:\/\/www.recykinfo.com\/fr\/information\/dechets-electroniques\/"]}]},{"@type":"BreadcrumbList","@id":"https:\/\/www.recykinfo.com\/fr\/information\/dechets-electroniques\/#breadcrumb","itemListElement":[{"@type":"ListItem","position":1,"name":"Home","item":"https:\/\/www.recykinfo.com\/fr\/"},{"@type":"ListItem","position":2,"name":"Informations","item":"https:\/\/www.recykinfo.com\/fr\/information\/"},{"@type":"ListItem","position":3,"name":"Processus de recyclage"}]},{"@type":"WebSite","@id":"https:\/\/www.recykinfo.com\/fr\/#website","url":"https:\/\/www.recykinfo.com\/fr\/","name":"Recykinfo","description":"","potentialAction":[{"@type":"SearchAction","target":{"@type":"EntryPoint","urlTemplate":"https:\/\/www.recykinfo.com\/fr\/?s={search_term_string}"},"query-input":{"@type":"PropertyValueSpecification","valueRequired":true,"valueName":"search_term_string"}}],"inLanguage":"fr-FR"}]}},"_links":{"self":[{"href":"https:\/\/www.recykinfo.com\/fr\/wp-json\/wp\/v2\/pages\/1265","targetHints":{"allow":["GET"]}}],"collection":[{"href":"https:\/\/www.recykinfo.com\/fr\/wp-json\/wp\/v2\/pages"}],"about":[{"href":"https:\/\/www.recykinfo.com\/fr\/wp-json\/wp\/v2\/types\/page"}],"author":[{"embeddable":true,"href":"https:\/\/www.recykinfo.com\/fr\/wp-json\/wp\/v2\/users\/2"}],"replies":[{"embeddable":true,"href":"https:\/\/www.recykinfo.com\/fr\/wp-json\/wp\/v2\/comments?post=1265"}],"version-history":[{"count":2,"href":"https:\/\/www.recykinfo.com\/fr\/wp-json\/wp\/v2\/pages\/1265\/revisions"}],"predecessor-version":[{"id":1525,"href":"https:\/\/www.recykinfo.com\/fr\/wp-json\/wp\/v2\/pages\/1265\/revisions\/1525"}],"up":[{"embeddable":true,"href":"https:\/\/www.recykinfo.com\/fr\/wp-json\/wp\/v2\/pages\/1256"}],"wp:attachment":[{"href":"https:\/\/www.recykinfo.com\/fr\/wp-json\/wp\/v2\/media?parent=1265"}],"curies":[{"name":"wp","href":"https:\/\/api.w.org\/{rel}","templated":true}]}}