{"id":1276,"date":"2019-08-21T11:51:41","date_gmt":"2019-08-21T15:51:41","guid":{"rendered":"https:\/\/www.recykinfo.com\/?page_id=1276"},"modified":"2019-09-10T23:34:07","modified_gmt":"2019-09-11T03:34:07","slug":"choisir-votre-recycleur","status":"publish","type":"page","link":"https:\/\/www.recykinfo.com\/fr\/information\/choisir-votre-recycleur\/","title":{"rendered":"Choisir votre recycleur"},"content":{"rendered":"<div class=\"fusion-fullwidth fullwidth-box fusion-builder-row-1 nonhundred-percent-fullwidth non-hundred-percent-height-scrolling\" style=\"--awb-border-radius-top-left:0px;--awb-border-radius-top-right:0px;--awb-border-radius-bottom-right:0px;--awb-border-radius-bottom-left:0px;--awb-margin-top:4%;--awb-flex-wrap:wrap;\" ><div class=\"fusion-builder-row fusion-row\"><div class=\"fusion-layout-column fusion_builder_column fusion-builder-column-0 fusion_builder_column_3_4 3_4 fusion-three-fourth fusion-column-first\" style=\"--awb-bg-size:cover;--awb-margin-bottom:0px;width:74%; margin-right: 4%;\"><div class=\"fusion-column-wrapper fusion-flex-column-wrapper-legacy\"><div class=\"fusion-text fusion-text-1\"><p>\u00c9liminez vos produits \u00e9lectroniques de fa\u00e7on responsable. Un tout nouveau secteur \u00e9merge pour r\u00e9pondre \u00e0 vos besoins. Avant de faire le choix de l\u2019entreprise de recyclage des produits \u00e9lectroniques, posez-vous ces questions:<\/p>\n<p><strong>L\u2019entreprise proc\u00e8de-t-elle r\u00e9ellement au recyclage ou se contente-t-elle de revendre?<\/strong><\/p>\n<p>Seulement 30 % des produits \u00e9lectroniques d\u00e9suets peuvent \u00eatre revendus. La portion qui reste, soit 70 %, sera vraisemblablement recycl\u00e9e. La plupart des entreprises de \u00ab recyclage \u00bb se contentent d\u2019envoyer le mat\u00e9riel n\u2019ayant pas trouv\u00e9 preneur vers les sites d\u2019enfouissement.<\/p>\n<p><strong>L\u2019entreprise de recyclage a-t-elle adopt\u00e9 une politique contre le recours aux sites d\u2019enfouissement?<\/strong><\/p>\n<p>Si tel est le cas, bravo! Peu d\u2019entreprises de recyclage peuvent se vanter d\u2019avoir adopt\u00e9 une telle politique. \u00c0 moins que votre entreprise de recyclage se soit engag\u00e9e clairement \u00e0 \u00e9viter d\u2019envoyer le mat\u00e9riel vers les sites d\u2019enfouissement, cela r\u00e9sulte en un gaspillage \u00e9hont\u00e9 de ressources r\u00e9utilisables.<\/p>\n<h2>L\u2019avenir des d\u00e9chets \u00e9lectroniques<\/h2>\n<p>Notre app\u00e9tit insatiable de nouvelles technologies plus rapides commence \u00e0 provoquer des cons\u00e9quences d\u00e9sastreuses sur l\u2019environnement que nous ne soup\u00e7onnions pas jusqu\u2019\u00e0 tout r\u00e9cemment. La r\u00e9duction du cycle de vie des produits a men\u00e9 \u00e0 leur obsolescence pr\u00e9coce et l\u2019accumulation de centaines de millions de tonnes de d\u00e9chets et de produits \u00e9lectroniques exc\u00e9dentaires, et ce, sur une p\u00e9riode de 20 ans. L\u2019\u00e9limination des produits \u00e9lectroniques fait partie des probl\u00e8mes environnementaux que notre soci\u00e9t\u00e9 doit r\u00e9gler rapidement.<\/p>\n<p>Il existe aujourd\u2019hui peu de solutions de rechange au recours aux sites d\u2019enfouissement et aucune loi ne l\u2019interdit. Par cons\u00e9quent, d\u2019importantes quantit\u00e9s de mati\u00e8res premi\u00e8res et, dans bien des cas, de produits \u00e9lectroniques r\u00e9utilisables sont gaspill\u00e9es.<\/p>\n<p>Les autorit\u00e9s environnementales commencent \u00e0 prendre connaissance du probl\u00e8me. Des strat\u00e9gies ont \u00e9t\u00e9 adopt\u00e9es pour encourager le recyclage des produits \u00e9lectroniques en le rendant plus facile et plus attrayant. Recykinfo offre ce que les organismes de r\u00e9glementation souhaitent ardemment : une solution de rechange s\u00e9duisante aux sites d\u2019enfouissement par la r\u00e9utilisation des produits et des \u00e9quipements \u00e9lectroniques.<\/p>\n<\/div><div class=\"fusion-clearfix\"><\/div><\/div><\/div><div class=\"fusion-layout-column fusion_builder_column fusion-builder-column-1 fusion_builder_column_1_4 1_4 fusion-one-fourth fusion-column-last\" style=\"--awb-bg-size:cover;width:22%;\"><div class=\"fusion-column-wrapper fusion-column-has-shadow fusion-flex-column-wrapper-legacy\"><div class=\"fusion-widget-area awb-widget-area-element fusion-widget-area-1 fusion-content-widget-area\" style=\"--awb-title-color:#252525;--awb-padding:0px 0px 0px 0px;\"><div id=\"nav_menu-9\" class=\"widget widget_nav_menu\"><div class=\"heading\"><h4 class=\"widget-title\">Plus d&rsquo;information<\/h4><\/div><div class=\"menu-information-french-container\"><ul id=\"menu-information-french\" class=\"menu\"><li id=\"menu-item-1367\" class=\"menu-item menu-item-type-post_type menu-item-object-page menu-item-1367\"><a href=\"https:\/\/www.recykinfo.com\/fr\/information\/choisir-votre-recycleur\/\">Choisir votre recycleur<\/a><\/li>\n<li id=\"menu-item-1368\" class=\"menu-item menu-item-type-post_type menu-item-object-page menu-item-1368\"><a href=\"https:\/\/www.recykinfo.com\/fr\/information\/dechets-electroniques\/\">Processus de recyclage<\/a><\/li>\n<li id=\"menu-item-1369\" class=\"menu-item menu-item-type-post_type menu-item-object-page menu-item-1369\"><a href=\"https:\/\/www.recykinfo.com\/fr\/information\/rohs-directive\/\">Directive RoHS<\/a><\/li>\n<li id=\"menu-item-1370\" class=\"menu-item menu-item-type-post_type menu-item-object-page menu-item-1370\"><a href=\"https:\/\/www.recykinfo.com\/fr\/information\/recyclage-electronique\/\">Initiatives de recyclage<\/a><\/li>\n<\/ul><\/div><\/div><div id=\"search-11\" class=\"widget widget_search\"><div class=\"heading\"><h4 class=\"widget-title\">Recherche<\/h4><\/div>\t\t<form role=\"search\" class=\"searchform fusion-search-form  fusion-search-form-classic\" method=\"get\" action=\"https:\/\/www.recykinfo.com\/fr\/\">\n\t\t\t<div class=\"fusion-search-form-content\">\n\n\t\t\t\t\n\t\t\t\t<div class=\"fusion-search-field search-field\">\n\t\t\t\t\t<label><span class=\"screen-reader-text\">Search for:<\/span>\n\t\t\t\t\t\t\t\t\t\t\t\t\t<input type=\"search\" value=\"\" name=\"s\" class=\"s\" placeholder=\"Search...\" required aria-required=\"true\" aria-label=\"Search...\"\/>\n\t\t\t\t\t\t\t\t\t\t\t<\/label>\n\t\t\t\t<\/div>\n\t\t\t\t<div class=\"fusion-search-button search-button\">\n\t\t\t\t\t<input type=\"submit\" class=\"fusion-search-submit searchsubmit\" aria-label=\"Search\" value=\"&#xf002;\" \/>\n\t\t\t\t\t\t\t\t\t<\/div>\n\n\t\t\t\t\n\t\t\t<\/div>\n\n\n\t\t\t\n\t\t<\/form>\n\t\t<\/div><div class=\"fusion-additional-widget-content\"><\/div><\/div><div class=\"fusion-clearfix\"><\/div><\/div><\/div><\/div><\/div>\n","protected":false},"excerpt":{"rendered":"","protected":false},"author":2,"featured_media":0,"parent":1256,"menu_order":0,"comment_status":"closed","ping_status":"closed","template":"","meta":{"footnotes":""},"class_list":["post-1276","page","type-page","status-publish","hentry"],"yoast_head":"<!-- This site is optimized with the Yoast SEO plugin v26.6 - https:\/\/yoast.com\/wordpress\/plugins\/seo\/ -->\n<title>Choisir votre recycleur - Recykinfo<\/title>\n<meta name=\"robots\" content=\"index, follow, max-snippet:-1, max-image-preview:large, max-video-preview:-1\" \/>\n<link rel=\"canonical\" href=\"https:\/\/www.recykinfo.com\/fr\/information\/choisir-votre-recycleur\/\" \/>\n<meta property=\"og:locale\" content=\"fr_FR\" \/>\n<meta property=\"og:type\" content=\"article\" \/>\n<meta property=\"og:title\" content=\"Choisir votre recycleur - Recykinfo\" \/>\n<meta property=\"og:url\" content=\"https:\/\/www.recykinfo.com\/fr\/information\/choisir-votre-recycleur\/\" \/>\n<meta property=\"og:site_name\" content=\"Recykinfo\" \/>\n<meta property=\"article:modified_time\" content=\"2019-09-11T03:34:07+00:00\" \/>\n<meta name=\"twitter:card\" content=\"summary_large_image\" \/>\n<meta name=\"twitter:label1\" content=\"Dur\u00e9e de lecture estim\u00e9e\" \/>\n\t<meta name=\"twitter:data1\" content=\"3 minutes\" \/>\n<script type=\"application\/ld+json\" class=\"yoast-schema-graph\">{\"@context\":\"https:\/\/schema.org\",\"@graph\":[{\"@type\":\"WebPage\",\"@id\":\"https:\/\/www.recykinfo.com\/fr\/information\/choisir-votre-recycleur\/\",\"url\":\"https:\/\/www.recykinfo.com\/fr\/information\/choisir-votre-recycleur\/\",\"name\":\"Choisir votre recycleur - Recykinfo\",\"isPartOf\":{\"@id\":\"https:\/\/www.recykinfo.com\/fr\/#website\"},\"datePublished\":\"2019-08-21T15:51:41+00:00\",\"dateModified\":\"2019-09-11T03:34:07+00:00\",\"breadcrumb\":{\"@id\":\"https:\/\/www.recykinfo.com\/fr\/information\/choisir-votre-recycleur\/#breadcrumb\"},\"inLanguage\":\"fr-FR\",\"potentialAction\":[{\"@type\":\"ReadAction\",\"target\":[\"https:\/\/www.recykinfo.com\/fr\/information\/choisir-votre-recycleur\/\"]}]},{\"@type\":\"BreadcrumbList\",\"@id\":\"https:\/\/www.recykinfo.com\/fr\/information\/choisir-votre-recycleur\/#breadcrumb\",\"itemListElement\":[{\"@type\":\"ListItem\",\"position\":1,\"name\":\"Home\",\"item\":\"https:\/\/www.recykinfo.com\/fr\/\"},{\"@type\":\"ListItem\",\"position\":2,\"name\":\"Informations\",\"item\":\"https:\/\/www.recykinfo.com\/fr\/information\/\"},{\"@type\":\"ListItem\",\"position\":3,\"name\":\"Choisir votre recycleur\"}]},{\"@type\":\"WebSite\",\"@id\":\"https:\/\/www.recykinfo.com\/fr\/#website\",\"url\":\"https:\/\/www.recykinfo.com\/fr\/\",\"name\":\"Recykinfo\",\"description\":\"\",\"potentialAction\":[{\"@type\":\"SearchAction\",\"target\":{\"@type\":\"EntryPoint\",\"urlTemplate\":\"https:\/\/www.recykinfo.com\/fr\/?s={search_term_string}\"},\"query-input\":{\"@type\":\"PropertyValueSpecification\",\"valueRequired\":true,\"valueName\":\"search_term_string\"}}],\"inLanguage\":\"fr-FR\"}]}<\/script>\n<!-- \/ Yoast SEO plugin. -->","yoast_head_json":{"title":"Choisir votre recycleur - Recykinfo","robots":{"index":"index","follow":"follow","max-snippet":"max-snippet:-1","max-image-preview":"max-image-preview:large","max-video-preview":"max-video-preview:-1"},"canonical":"https:\/\/www.recykinfo.com\/fr\/information\/choisir-votre-recycleur\/","og_locale":"fr_FR","og_type":"article","og_title":"Choisir votre recycleur - Recykinfo","og_url":"https:\/\/www.recykinfo.com\/fr\/information\/choisir-votre-recycleur\/","og_site_name":"Recykinfo","article_modified_time":"2019-09-11T03:34:07+00:00","twitter_card":"summary_large_image","twitter_misc":{"Dur\u00e9e de lecture estim\u00e9e":"3 minutes"},"schema":{"@context":"https:\/\/schema.org","@graph":[{"@type":"WebPage","@id":"https:\/\/www.recykinfo.com\/fr\/information\/choisir-votre-recycleur\/","url":"https:\/\/www.recykinfo.com\/fr\/information\/choisir-votre-recycleur\/","name":"Choisir votre recycleur - Recykinfo","isPartOf":{"@id":"https:\/\/www.recykinfo.com\/fr\/#website"},"datePublished":"2019-08-21T15:51:41+00:00","dateModified":"2019-09-11T03:34:07+00:00","breadcrumb":{"@id":"https:\/\/www.recykinfo.com\/fr\/information\/choisir-votre-recycleur\/#breadcrumb"},"inLanguage":"fr-FR","potentialAction":[{"@type":"ReadAction","target":["https:\/\/www.recykinfo.com\/fr\/information\/choisir-votre-recycleur\/"]}]},{"@type":"BreadcrumbList","@id":"https:\/\/www.recykinfo.com\/fr\/information\/choisir-votre-recycleur\/#breadcrumb","itemListElement":[{"@type":"ListItem","position":1,"name":"Home","item":"https:\/\/www.recykinfo.com\/fr\/"},{"@type":"ListItem","position":2,"name":"Informations","item":"https:\/\/www.recykinfo.com\/fr\/information\/"},{"@type":"ListItem","position":3,"name":"Choisir votre recycleur"}]},{"@type":"WebSite","@id":"https:\/\/www.recykinfo.com\/fr\/#website","url":"https:\/\/www.recykinfo.com\/fr\/","name":"Recykinfo","description":"","potentialAction":[{"@type":"SearchAction","target":{"@type":"EntryPoint","urlTemplate":"https:\/\/www.recykinfo.com\/fr\/?s={search_term_string}"},"query-input":{"@type":"PropertyValueSpecification","valueRequired":true,"valueName":"search_term_string"}}],"inLanguage":"fr-FR"}]}},"_links":{"self":[{"href":"https:\/\/www.recykinfo.com\/fr\/wp-json\/wp\/v2\/pages\/1276","targetHints":{"allow":["GET"]}}],"collection":[{"href":"https:\/\/www.recykinfo.com\/fr\/wp-json\/wp\/v2\/pages"}],"about":[{"href":"https:\/\/www.recykinfo.com\/fr\/wp-json\/wp\/v2\/types\/page"}],"author":[{"embeddable":true,"href":"https:\/\/www.recykinfo.com\/fr\/wp-json\/wp\/v2\/users\/2"}],"replies":[{"embeddable":true,"href":"https:\/\/www.recykinfo.com\/fr\/wp-json\/wp\/v2\/comments?post=1276"}],"version-history":[{"count":2,"href":"https:\/\/www.recykinfo.com\/fr\/wp-json\/wp\/v2\/pages\/1276\/revisions"}],"predecessor-version":[{"id":1522,"href":"https:\/\/www.recykinfo.com\/fr\/wp-json\/wp\/v2\/pages\/1276\/revisions\/1522"}],"up":[{"embeddable":true,"href":"https:\/\/www.recykinfo.com\/fr\/wp-json\/wp\/v2\/pages\/1256"}],"wp:attachment":[{"href":"https:\/\/www.recykinfo.com\/fr\/wp-json\/wp\/v2\/media?parent=1276"}],"curies":[{"name":"wp","href":"https:\/\/api.w.org\/{rel}","templated":true}]}}