{"id":1285,"date":"2019-08-21T12:02:50","date_gmt":"2019-08-21T16:02:50","guid":{"rendered":"https:\/\/www.recykinfo.com\/?page_id=1285"},"modified":"2019-09-10T23:36:20","modified_gmt":"2019-09-11T03:36:20","slug":"certificat-destruction","status":"publish","type":"page","link":"https:\/\/www.recykinfo.com\/fr\/services\/certificat-destruction\/","title":{"rendered":"\u00c9mission de certificat de destruction"},"content":{"rendered":"<div class=\"fusion-fullwidth fullwidth-box fusion-builder-row-1 nonhundred-percent-fullwidth non-hundred-percent-height-scrolling\" style=\"--awb-border-radius-top-left:0px;--awb-border-radius-top-right:0px;--awb-border-radius-bottom-right:0px;--awb-border-radius-bottom-left:0px;--awb-margin-top:4%;--awb-flex-wrap:wrap;\" ><div class=\"fusion-builder-row fusion-row\"><div class=\"fusion-layout-column fusion_builder_column fusion-builder-column-0 fusion_builder_column_3_4 3_4 fusion-three-fourth fusion-column-first\" style=\"--awb-bg-size:cover;--awb-margin-bottom:0px;width:74%; margin-right: 4%;\"><div class=\"fusion-column-wrapper fusion-flex-column-wrapper-legacy\"><div class=\"fusion-text fusion-text-1\"><ul>\n<li>\u00cates-vous absolument certain que vos \u00e9quipements et donn\u00e9es ont \u00e9t\u00e9 compl\u00e8tement d\u00e9truits?<\/li>\n<li>En avez-vous la preuve?<\/li>\n<\/ul>\n<p>En collaboration avec notre partenaire Cabinet d\u2019avocats d\u2019Ogilvy Renault, nous \u00e9mettons des certificats de destruction avec attestation ind\u00e9pendante qui s\u2019av\u00e8rent appropri\u00e9s pour toutes les situations. Les m\u00e9thodes alternatives de destruction ne fournissent pas la preuve que les donn\u00e9es ont \u00e9t\u00e9 r\u00e9ellement d\u00e9truites, ce qui pourrait vous exposer \u00e0 des risques l\u00e9gaux ou \u00e0 d\u2019autres menaces.<\/p>\n<p>Les techniques de r\u00e9cup\u00e9ration des donn\u00e9es sont de plus en plus sophistiqu\u00e9es. La plupart des logiciels de suppression des donn\u00e9es omettent les secteurs corrompus et laissent ainsi en place des donn\u00e9es qui peuvent \u00eatre r\u00e9cup\u00e9r\u00e9es. D\u2019autres solutions \u00e0 l\u2019interne de destruction des donn\u00e9es sont assujetties aux erreurs de manipulation et produisent cons\u00e9quemment une destruction partielle des donn\u00e9es. Moyennant des frais mod\u00e9r\u00e9s, nous assurons et certifions la destruction de toutes les donn\u00e9es, vous aidant \u00e0 vous conformer aux normes en vigueur.<\/p>\n<h2>Service certifi\u00e9 de destruction de donn\u00e9es par d\u00e9chiquetage<\/h2>\n<p>Nous fournissons la preuve la plus tangible de votre conformit\u00e9 aux r\u00e8glements! Nous pr\u00e9levons les num\u00e9ros de s\u00e9rie des disques durs et d\u2019autres p\u00e9riph\u00e9riques de stockage aux fins de conformit\u00e9 aux exigences reli\u00e9es \u00e0 la documentation.<\/p>\n<p>Au besoin, nous faisons appel \u00e0 un proc\u00e9d\u00e9 m\u00e9canique en deux \u00e9tapes pour d\u00e9truire les donn\u00e9es. D\u2019abord, les disques durs sont d\u00e9mantel\u00e9s et les pi\u00e8ces sont s\u00e9par\u00e9es ensuite les plateaux du disque dur sont pulv\u00e9ris\u00e9s. Enfin, toutes les particules sont recueillies et exp\u00e9di\u00e9es vers une fonderie o\u00f9 ils seront d\u00e9truites par fusion.<\/p>\n<p>Nous assurons la destruction physique compl\u00e8te et certifi\u00e9e des produits suivants :<\/p>\n<ul>\n<li>Disques durs<\/li>\n<li>Bandes de sauvegarde<\/li>\n<li>Bobines<\/li>\n<li>Bandes magn\u00e9tiques<\/li>\n<li>CD et DVD<\/li>\n<li>Disques ZIP et JAZ<\/li>\n<li>T\u00e9l\u00e9phones cellulaires et assistants num\u00e9riques<\/li>\n<li>Pellicules d\u2019imprimantes et de t\u00e9l\u00e9copieurs<\/li>\n<li>Puces m\u00e9moires et cl\u00e9s USB<\/li>\n<\/ul>\n<\/div><div class=\"fusion-clearfix\"><\/div><\/div><\/div><div class=\"fusion-layout-column fusion_builder_column fusion-builder-column-1 fusion_builder_column_1_4 1_4 fusion-one-fourth fusion-column-last\" style=\"--awb-bg-size:cover;width:22%;\"><div class=\"fusion-column-wrapper fusion-column-has-shadow fusion-flex-column-wrapper-legacy\"><div class=\"fusion-widget-area awb-widget-area-element fusion-widget-area-1 fusion-content-widget-area\" style=\"--awb-title-color:#252525;--awb-padding:0px 0px 0px 0px;\"><section id=\"nav_menu-7\" class=\"fusion-slidingbar-widget-column widget widget_nav_menu\"><h4 class=\"widget-title\">Autres services<\/h4><div class=\"menu-footer-menu-french-container\"><ul id=\"menu-footer-menu-french\" class=\"menu\"><li id=\"menu-item-1334\" class=\"menu-item menu-item-type-post_type menu-item-object-page menu-item-1334\"><a href=\"https:\/\/www.recykinfo.com\/fr\/services\/recyclage-metal\/\">Recyclage de tous les produits suivants<\/a><\/li>\n<li id=\"menu-item-1335\" class=\"menu-item menu-item-type-post_type menu-item-object-page menu-item-1335\"><a href=\"https:\/\/www.recykinfo.com\/fr\/services\/certificat-destruction\/\">\u00c9mission de certificat de destruction<\/a><\/li>\n<li id=\"menu-item-1336\" class=\"menu-item menu-item-type-post_type menu-item-object-page menu-item-1336\"><a href=\"https:\/\/www.recykinfo.com\/fr\/services\/destruction-donnees\/\">Service certifi\u00e9 de destruction de donn\u00e9es par pulv\u00e9risation<\/a><\/li>\n<li id=\"menu-item-1337\" class=\"menu-item menu-item-type-post_type menu-item-object-page menu-item-1337\"><a href=\"https:\/\/www.recykinfo.com\/fr\/services\/certificat-de-destruction\/\">Service certifi\u00e9 de destruction de produits rappel\u00e9s<\/a><\/li>\n<li id=\"menu-item-1338\" class=\"menu-item menu-item-type-post_type menu-item-object-page menu-item-1338\"><a href=\"https:\/\/www.recykinfo.com\/fr\/services\/recyclage-dechets\/\">Service de d\u00e9sinstallation et de suppression<\/a><\/li>\n<li id=\"menu-item-1339\" class=\"menu-item menu-item-type-post_type menu-item-object-page menu-item-1339\"><a href=\"https:\/\/www.recykinfo.com\/fr\/services\/recyclage-materiel\/\">\u00c9limination de marchandise p\u00e9rim\u00e9e ou exc\u00e9dentaire<\/a><\/li>\n<\/ul><\/div><div style=\"clear:both;\"><\/div><\/section><section id=\"search-7\" class=\"fusion-slidingbar-widget-column widget widget_search\"><h4 class=\"widget-title\">Chercher<\/h4>\t\t<form role=\"search\" class=\"searchform fusion-search-form  fusion-search-form-classic\" method=\"get\" action=\"https:\/\/www.recykinfo.com\/fr\/\">\n\t\t\t<div class=\"fusion-search-form-content\">\n\n\t\t\t\t\n\t\t\t\t<div class=\"fusion-search-field search-field\">\n\t\t\t\t\t<label><span class=\"screen-reader-text\">Search for:<\/span>\n\t\t\t\t\t\t\t\t\t\t\t\t\t<input type=\"search\" value=\"\" name=\"s\" class=\"s\" placeholder=\"Search...\" required aria-required=\"true\" aria-label=\"Search...\"\/>\n\t\t\t\t\t\t\t\t\t\t\t<\/label>\n\t\t\t\t<\/div>\n\t\t\t\t<div class=\"fusion-search-button search-button\">\n\t\t\t\t\t<input type=\"submit\" class=\"fusion-search-submit searchsubmit\" aria-label=\"Search\" value=\"&#xf002;\" \/>\n\t\t\t\t\t\t\t\t\t<\/div>\n\n\t\t\t\t\n\t\t\t<\/div>\n\n\n\t\t\t\n\t\t<\/form>\n\t\t<div style=\"clear:both;\"><\/div><\/section><div class=\"fusion-additional-widget-content\"><\/div><\/div><div class=\"fusion-clearfix\"><\/div><\/div><\/div><\/div><\/div>\n","protected":false},"excerpt":{"rendered":"","protected":false},"author":2,"featured_media":0,"parent":1281,"menu_order":0,"comment_status":"closed","ping_status":"closed","template":"","meta":{"footnotes":""},"class_list":["post-1285","page","type-page","status-publish","hentry"],"yoast_head":"<!-- This site is optimized with the Yoast SEO plugin v26.6 - https:\/\/yoast.com\/wordpress\/plugins\/seo\/ -->\n<title>Certificat de destruction | disque dur et d\u00e9chets \u00e9lectroniques - Recykinfo<\/title>\n<meta name=\"description\" content=\"Contactez-nous pour la destruction physique compl\u00e8te et certifi\u00e9e de disques durs, bandes de sauvegarde et magn\u00e9tiques, CD et DVD, cellulaires, etc.\" \/>\n<meta name=\"robots\" content=\"index, follow, max-snippet:-1, max-image-preview:large, max-video-preview:-1\" \/>\n<link rel=\"canonical\" href=\"https:\/\/www.recykinfo.com\/fr\/services\/certificat-destruction\/\" \/>\n<meta property=\"og:locale\" content=\"fr_FR\" \/>\n<meta property=\"og:type\" content=\"article\" \/>\n<meta property=\"og:title\" content=\"Certificat de destruction | disque dur et d\u00e9chets \u00e9lectroniques - Recykinfo\" \/>\n<meta property=\"og:description\" content=\"Contactez-nous pour la destruction physique compl\u00e8te et certifi\u00e9e de disques durs, bandes de sauvegarde et magn\u00e9tiques, CD et DVD, cellulaires, etc.\" \/>\n<meta property=\"og:url\" content=\"https:\/\/www.recykinfo.com\/fr\/services\/certificat-destruction\/\" \/>\n<meta property=\"og:site_name\" content=\"Recykinfo\" \/>\n<meta property=\"article:modified_time\" content=\"2019-09-11T03:36:20+00:00\" \/>\n<meta name=\"twitter:card\" content=\"summary_large_image\" \/>\n<meta name=\"twitter:label1\" content=\"Dur\u00e9e de lecture estim\u00e9e\" \/>\n\t<meta name=\"twitter:data1\" content=\"3 minutes\" \/>\n<script type=\"application\/ld+json\" class=\"yoast-schema-graph\">{\"@context\":\"https:\/\/schema.org\",\"@graph\":[{\"@type\":\"WebPage\",\"@id\":\"https:\/\/www.recykinfo.com\/fr\/services\/certificat-destruction\/\",\"url\":\"https:\/\/www.recykinfo.com\/fr\/services\/certificat-destruction\/\",\"name\":\"Certificat de destruction | disque dur et d\u00e9chets \u00e9lectroniques - Recykinfo\",\"isPartOf\":{\"@id\":\"https:\/\/www.recykinfo.com\/fr\/#website\"},\"datePublished\":\"2019-08-21T16:02:50+00:00\",\"dateModified\":\"2019-09-11T03:36:20+00:00\",\"description\":\"Contactez-nous pour la destruction physique compl\u00e8te et certifi\u00e9e de disques durs, bandes de sauvegarde et magn\u00e9tiques, CD et DVD, cellulaires, etc.\",\"breadcrumb\":{\"@id\":\"https:\/\/www.recykinfo.com\/fr\/services\/certificat-destruction\/#breadcrumb\"},\"inLanguage\":\"fr-FR\",\"potentialAction\":[{\"@type\":\"ReadAction\",\"target\":[\"https:\/\/www.recykinfo.com\/fr\/services\/certificat-destruction\/\"]}]},{\"@type\":\"BreadcrumbList\",\"@id\":\"https:\/\/www.recykinfo.com\/fr\/services\/certificat-destruction\/#breadcrumb\",\"itemListElement\":[{\"@type\":\"ListItem\",\"position\":1,\"name\":\"Home\",\"item\":\"https:\/\/www.recykinfo.com\/fr\/\"},{\"@type\":\"ListItem\",\"position\":2,\"name\":\"Services\",\"item\":\"https:\/\/www.recykinfo.com\/fr\/services\/\"},{\"@type\":\"ListItem\",\"position\":3,\"name\":\"\u00c9mission de certificat de destruction\"}]},{\"@type\":\"WebSite\",\"@id\":\"https:\/\/www.recykinfo.com\/fr\/#website\",\"url\":\"https:\/\/www.recykinfo.com\/fr\/\",\"name\":\"Recykinfo\",\"description\":\"\",\"potentialAction\":[{\"@type\":\"SearchAction\",\"target\":{\"@type\":\"EntryPoint\",\"urlTemplate\":\"https:\/\/www.recykinfo.com\/fr\/?s={search_term_string}\"},\"query-input\":{\"@type\":\"PropertyValueSpecification\",\"valueRequired\":true,\"valueName\":\"search_term_string\"}}],\"inLanguage\":\"fr-FR\"}]}<\/script>\n<!-- \/ Yoast SEO plugin. -->","yoast_head_json":{"title":"Certificat de destruction | disque dur et d\u00e9chets \u00e9lectroniques - Recykinfo","description":"Contactez-nous pour la destruction physique compl\u00e8te et certifi\u00e9e de disques durs, bandes de sauvegarde et magn\u00e9tiques, CD et DVD, cellulaires, etc.","robots":{"index":"index","follow":"follow","max-snippet":"max-snippet:-1","max-image-preview":"max-image-preview:large","max-video-preview":"max-video-preview:-1"},"canonical":"https:\/\/www.recykinfo.com\/fr\/services\/certificat-destruction\/","og_locale":"fr_FR","og_type":"article","og_title":"Certificat de destruction | disque dur et d\u00e9chets \u00e9lectroniques - Recykinfo","og_description":"Contactez-nous pour la destruction physique compl\u00e8te et certifi\u00e9e de disques durs, bandes de sauvegarde et magn\u00e9tiques, CD et DVD, cellulaires, etc.","og_url":"https:\/\/www.recykinfo.com\/fr\/services\/certificat-destruction\/","og_site_name":"Recykinfo","article_modified_time":"2019-09-11T03:36:20+00:00","twitter_card":"summary_large_image","twitter_misc":{"Dur\u00e9e de lecture estim\u00e9e":"3 minutes"},"schema":{"@context":"https:\/\/schema.org","@graph":[{"@type":"WebPage","@id":"https:\/\/www.recykinfo.com\/fr\/services\/certificat-destruction\/","url":"https:\/\/www.recykinfo.com\/fr\/services\/certificat-destruction\/","name":"Certificat de destruction | disque dur et d\u00e9chets \u00e9lectroniques - Recykinfo","isPartOf":{"@id":"https:\/\/www.recykinfo.com\/fr\/#website"},"datePublished":"2019-08-21T16:02:50+00:00","dateModified":"2019-09-11T03:36:20+00:00","description":"Contactez-nous pour la destruction physique compl\u00e8te et certifi\u00e9e de disques durs, bandes de sauvegarde et magn\u00e9tiques, CD et DVD, cellulaires, etc.","breadcrumb":{"@id":"https:\/\/www.recykinfo.com\/fr\/services\/certificat-destruction\/#breadcrumb"},"inLanguage":"fr-FR","potentialAction":[{"@type":"ReadAction","target":["https:\/\/www.recykinfo.com\/fr\/services\/certificat-destruction\/"]}]},{"@type":"BreadcrumbList","@id":"https:\/\/www.recykinfo.com\/fr\/services\/certificat-destruction\/#breadcrumb","itemListElement":[{"@type":"ListItem","position":1,"name":"Home","item":"https:\/\/www.recykinfo.com\/fr\/"},{"@type":"ListItem","position":2,"name":"Services","item":"https:\/\/www.recykinfo.com\/fr\/services\/"},{"@type":"ListItem","position":3,"name":"\u00c9mission de certificat de destruction"}]},{"@type":"WebSite","@id":"https:\/\/www.recykinfo.com\/fr\/#website","url":"https:\/\/www.recykinfo.com\/fr\/","name":"Recykinfo","description":"","potentialAction":[{"@type":"SearchAction","target":{"@type":"EntryPoint","urlTemplate":"https:\/\/www.recykinfo.com\/fr\/?s={search_term_string}"},"query-input":{"@type":"PropertyValueSpecification","valueRequired":true,"valueName":"search_term_string"}}],"inLanguage":"fr-FR"}]}},"_links":{"self":[{"href":"https:\/\/www.recykinfo.com\/fr\/wp-json\/wp\/v2\/pages\/1285","targetHints":{"allow":["GET"]}}],"collection":[{"href":"https:\/\/www.recykinfo.com\/fr\/wp-json\/wp\/v2\/pages"}],"about":[{"href":"https:\/\/www.recykinfo.com\/fr\/wp-json\/wp\/v2\/types\/page"}],"author":[{"embeddable":true,"href":"https:\/\/www.recykinfo.com\/fr\/wp-json\/wp\/v2\/users\/2"}],"replies":[{"embeddable":true,"href":"https:\/\/www.recykinfo.com\/fr\/wp-json\/wp\/v2\/comments?post=1285"}],"version-history":[{"count":2,"href":"https:\/\/www.recykinfo.com\/fr\/wp-json\/wp\/v2\/pages\/1285\/revisions"}],"predecessor-version":[{"id":1527,"href":"https:\/\/www.recykinfo.com\/fr\/wp-json\/wp\/v2\/pages\/1285\/revisions\/1527"}],"up":[{"embeddable":true,"href":"https:\/\/www.recykinfo.com\/fr\/wp-json\/wp\/v2\/pages\/1281"}],"wp:attachment":[{"href":"https:\/\/www.recykinfo.com\/fr\/wp-json\/wp\/v2\/media?parent=1285"}],"curies":[{"name":"wp","href":"https:\/\/api.w.org\/{rel}","templated":true}]}}