{"id":1303,"date":"2019-08-21T12:15:55","date_gmt":"2019-08-21T16:15:55","guid":{"rendered":"https:\/\/www.recykinfo.com\/?page_id=1303"},"modified":"2019-08-29T13:38:56","modified_gmt":"2019-08-29T17:38:56","slug":"recyclage-dechets","status":"publish","type":"page","link":"https:\/\/www.recykinfo.com\/fr\/services\/recyclage-dechets\/","title":{"rendered":"Service de d\u00e9sinstallation et de suppression"},"content":{"rendered":"<div class=\"fusion-fullwidth fullwidth-box fusion-builder-row-1 nonhundred-percent-fullwidth non-hundred-percent-height-scrolling\" style=\"--awb-border-radius-top-left:0px;--awb-border-radius-top-right:0px;--awb-border-radius-bottom-right:0px;--awb-border-radius-bottom-left:0px;--awb-flex-wrap:wrap;\" ><div class=\"fusion-builder-row fusion-row\"><div class=\"fusion-layout-column fusion_builder_column fusion-builder-column-0 fusion_builder_column_3_4 3_4 fusion-three-fourth fusion-column-first\" style=\"--awb-bg-size:cover;--awb-margin-bottom:0px;width:74%; margin-right: 4%;\"><div class=\"fusion-column-wrapper fusion-flex-column-wrapper-legacy\"><div class=\"fusion-text fusion-text-1\"><p>Nous offrons \u00e9galement des services de d\u00e9sinstallation, d\u2019\u00e9limination et de recyclage des produits suivants :<\/p>\n<ul>\n<li>Tous les mod\u00e8les de serveurs<\/li>\n<li>Ordinateurs centraux<\/li>\n<li>Bandoth\u00e8ques robotis\u00e9es<\/li>\n<li>\u00c9quipement de t\u00e9l\u00e9communication<\/li>\n<li>Mat\u00e9riel de laboratoire<\/li>\n<li>Mat\u00e9riel de r\u00e9seau<\/li>\n<li>Mat\u00e9riel de transmission<\/li>\n<\/ul>\n<p>De plus, nous offrons les services suivants :<\/p>\n<ul>\n<li>D\u00e9branchement certifi\u00e9<\/li>\n<li>D\u00e9sassemblage complet<\/li>\n<li>Services complets d\u2019\u00e9limination et de nettoyage<\/li>\n<li>Recyclage des pi\u00e8ces de m\u00e9tal et de plastique<\/li>\n<\/ul>\n<h2>D\u00e9branchement certifi\u00e9<\/h2>\n<p>Nous faisons appel \u00e0 des \u00e9lectriciens homologu\u00e9s qui garantiront que votre mat\u00e9riel a \u00e9t\u00e9 compl\u00e8tement d\u00e9branch\u00e9 de toutes les sources d\u2019alimentation et nous retirerons ce mat\u00e9riel de vos installations.<\/p>\n<h2>D\u00e9sassemblage complet<\/h2>\n<p>Nos employ\u00e9s hautement qualifi\u00e9s se rendront sur place pour proc\u00e9der au d\u00e9sassemblage de votre \u00e9quipement \u00e9lectronique imposant et en retireront le filage. Nous pouvons d\u00e9sassembler les bandoth\u00e8ques, tous les mod\u00e8les de serveur, le mat\u00e9riel de t\u00e9l\u00e9communication, les ordinateurs centraux, les laboratoires et le mat\u00e9riel de production. Nous avons nos propres outils et notre propre mat\u00e9riel. Nos employ\u00e9s sont fiables et ont subi avec succ\u00e8s un contr\u00f4le de leurs ant\u00e9c\u00e9dents. Pendant le processus, nos employ\u00e9s ne m\u00e9nageront aucun effort pour ne pas perturber vos op\u00e9rations quotidiennes. Nous sommes prot\u00e9g\u00e9s contre toute obligation.<\/p>\n<h2>Services complets d\u2019\u00e9limination et de nettoyage<\/h2>\n<p>Lors du ramassage des pi\u00e8ces que nos avons d\u00e9sassembl\u00e9es, nous prenons bien soin de ne pas \u00e9gratigner vos murs et vos planchers. Notre \u00e9quipement de d\u00e9m\u00e9nagement est dot\u00e9 de roues de caoutchouc qui prot\u00e9geront vos installations. Nos camions sont \u00e9quip\u00e9s d\u2019une plateforme de levage automatique pouvant s\u2019adapter \u00e0 toute hauteur d\u2019embarcad\u00e8re ou \u00e0 tout immeuble commercial. Une fois le mat\u00e9riel retir\u00e9, nos employ\u00e9s retournent sur place pour effectuer un nettoyage complet des locaux o\u00f9 le mat\u00e9riel \u00e9tait entrepos\u00e9, allant jusqu\u2019\u00e0 faire dispara\u00eetre les taches et les marques r\u00e9siduelles.<\/p>\n<h2>Recyclage<\/h2>\n<p>En accord avec notre engagement visant \u00e0 contrer la mise au rebut et la mission que s\u2019est donn\u00e9e l\u2019entreprise de ne pas envoyer les \u00e9quipements aux divers sites d\u2019enfouissement, nous proc\u00e9dons au recyclage des pi\u00e8ces de m\u00e9tal et de plastique.<\/p>\n<\/div><div class=\"fusion-clearfix\"><\/div><\/div><\/div><div class=\"fusion-layout-column fusion_builder_column fusion-builder-column-1 fusion_builder_column_1_4 1_4 fusion-one-fourth fusion-column-last\" style=\"--awb-bg-size:cover;width:22%;\"><div class=\"fusion-column-wrapper fusion-column-has-shadow fusion-flex-column-wrapper-legacy\"><div class=\"fusion-widget-area awb-widget-area-element fusion-widget-area-1 fusion-content-widget-area\" style=\"--awb-title-color:#252525;--awb-padding:0px 0px 0px 0px;\"><section id=\"nav_menu-7\" class=\"fusion-slidingbar-widget-column widget widget_nav_menu\"><h4 class=\"widget-title\">Autres services<\/h4><div class=\"menu-footer-menu-french-container\"><ul id=\"menu-footer-menu-french\" class=\"menu\"><li id=\"menu-item-1334\" class=\"menu-item menu-item-type-post_type menu-item-object-page menu-item-1334\"><a href=\"https:\/\/www.recykinfo.com\/fr\/services\/recyclage-metal\/\">Recyclage de tous les produits suivants<\/a><\/li>\n<li id=\"menu-item-1335\" class=\"menu-item menu-item-type-post_type menu-item-object-page menu-item-1335\"><a href=\"https:\/\/www.recykinfo.com\/fr\/services\/certificat-destruction\/\">\u00c9mission de certificat de destruction<\/a><\/li>\n<li id=\"menu-item-1336\" class=\"menu-item menu-item-type-post_type menu-item-object-page menu-item-1336\"><a href=\"https:\/\/www.recykinfo.com\/fr\/services\/destruction-donnees\/\">Service certifi\u00e9 de destruction de donn\u00e9es par pulv\u00e9risation<\/a><\/li>\n<li id=\"menu-item-1337\" class=\"menu-item menu-item-type-post_type menu-item-object-page menu-item-1337\"><a href=\"https:\/\/www.recykinfo.com\/fr\/services\/certificat-de-destruction\/\">Service certifi\u00e9 de destruction de produits rappel\u00e9s<\/a><\/li>\n<li id=\"menu-item-1338\" class=\"menu-item menu-item-type-post_type menu-item-object-page menu-item-1338\"><a href=\"https:\/\/www.recykinfo.com\/fr\/services\/recyclage-dechets\/\">Service de d\u00e9sinstallation et de suppression<\/a><\/li>\n<li id=\"menu-item-1339\" class=\"menu-item menu-item-type-post_type menu-item-object-page menu-item-1339\"><a href=\"https:\/\/www.recykinfo.com\/fr\/services\/recyclage-materiel\/\">\u00c9limination de marchandise p\u00e9rim\u00e9e ou exc\u00e9dentaire<\/a><\/li>\n<\/ul><\/div><div style=\"clear:both;\"><\/div><\/section><section id=\"search-7\" class=\"fusion-slidingbar-widget-column widget widget_search\"><h4 class=\"widget-title\">Chercher<\/h4>\t\t<form role=\"search\" class=\"searchform fusion-search-form  fusion-search-form-classic\" method=\"get\" action=\"https:\/\/www.recykinfo.com\/fr\/\">\n\t\t\t<div class=\"fusion-search-form-content\">\n\n\t\t\t\t\n\t\t\t\t<div class=\"fusion-search-field search-field\">\n\t\t\t\t\t<label><span class=\"screen-reader-text\">Search for:<\/span>\n\t\t\t\t\t\t\t\t\t\t\t\t\t<input type=\"search\" value=\"\" name=\"s\" class=\"s\" placeholder=\"Search...\" required aria-required=\"true\" aria-label=\"Search...\"\/>\n\t\t\t\t\t\t\t\t\t\t\t<\/label>\n\t\t\t\t<\/div>\n\t\t\t\t<div class=\"fusion-search-button search-button\">\n\t\t\t\t\t<input type=\"submit\" class=\"fusion-search-submit searchsubmit\" aria-label=\"Search\" value=\"&#xf002;\" \/>\n\t\t\t\t\t\t\t\t\t<\/div>\n\n\t\t\t\t\n\t\t\t<\/div>\n\n\n\t\t\t\n\t\t<\/form>\n\t\t<div style=\"clear:both;\"><\/div><\/section><div class=\"fusion-additional-widget-content\"><\/div><\/div><div class=\"fusion-clearfix\"><\/div><\/div><\/div><\/div><\/div>\n","protected":false},"excerpt":{"rendered":"","protected":false},"author":2,"featured_media":0,"parent":1281,"menu_order":0,"comment_status":"closed","ping_status":"closed","template":"","meta":{"footnotes":""},"class_list":["post-1303","page","type-page","status-publish","hentry"],"yoast_head":"<!-- This site is optimized with the Yoast SEO plugin v26.6 - https:\/\/yoast.com\/wordpress\/plugins\/seo\/ -->\n<title>Recyclage et d\u00e9sinstallation de d\u00e9chets \u00e9lectroniques - Recykinfo<\/title>\n<meta name=\"description\" content=\"Pour supprimer et recycler vos produits \u00e9lectroniques: serveurs, ordinateurs centraux, \u00e9quipement de t\u00e9l\u00e9communication, de laboratoire, de r\u00e9seau, etc.\" \/>\n<meta name=\"robots\" content=\"index, follow, max-snippet:-1, max-image-preview:large, max-video-preview:-1\" \/>\n<link rel=\"canonical\" href=\"https:\/\/www.recykinfo.com\/fr\/services\/recyclage-dechets\/\" \/>\n<meta property=\"og:locale\" content=\"fr_FR\" \/>\n<meta property=\"og:type\" content=\"article\" \/>\n<meta property=\"og:title\" content=\"Recyclage et d\u00e9sinstallation de d\u00e9chets \u00e9lectroniques - Recykinfo\" \/>\n<meta property=\"og:description\" content=\"Pour supprimer et recycler vos produits \u00e9lectroniques: serveurs, ordinateurs centraux, \u00e9quipement de t\u00e9l\u00e9communication, de laboratoire, de r\u00e9seau, etc.\" \/>\n<meta property=\"og:url\" content=\"https:\/\/www.recykinfo.com\/fr\/services\/recyclage-dechets\/\" \/>\n<meta property=\"og:site_name\" content=\"Recykinfo\" \/>\n<meta property=\"article:modified_time\" content=\"2019-08-29T17:38:56+00:00\" \/>\n<meta name=\"twitter:card\" content=\"summary_large_image\" \/>\n<meta name=\"twitter:label1\" content=\"Dur\u00e9e de lecture estim\u00e9e\" \/>\n\t<meta name=\"twitter:data1\" content=\"4 minutes\" \/>\n<script type=\"application\/ld+json\" class=\"yoast-schema-graph\">{\"@context\":\"https:\/\/schema.org\",\"@graph\":[{\"@type\":\"WebPage\",\"@id\":\"https:\/\/www.recykinfo.com\/fr\/services\/recyclage-dechets\/\",\"url\":\"https:\/\/www.recykinfo.com\/fr\/services\/recyclage-dechets\/\",\"name\":\"Recyclage et d\u00e9sinstallation de d\u00e9chets \u00e9lectroniques - Recykinfo\",\"isPartOf\":{\"@id\":\"https:\/\/www.recykinfo.com\/fr\/#website\"},\"datePublished\":\"2019-08-21T16:15:55+00:00\",\"dateModified\":\"2019-08-29T17:38:56+00:00\",\"description\":\"Pour supprimer et recycler vos produits \u00e9lectroniques: serveurs, ordinateurs centraux, \u00e9quipement de t\u00e9l\u00e9communication, de laboratoire, de r\u00e9seau, etc.\",\"breadcrumb\":{\"@id\":\"https:\/\/www.recykinfo.com\/fr\/services\/recyclage-dechets\/#breadcrumb\"},\"inLanguage\":\"fr-FR\",\"potentialAction\":[{\"@type\":\"ReadAction\",\"target\":[\"https:\/\/www.recykinfo.com\/fr\/services\/recyclage-dechets\/\"]}]},{\"@type\":\"BreadcrumbList\",\"@id\":\"https:\/\/www.recykinfo.com\/fr\/services\/recyclage-dechets\/#breadcrumb\",\"itemListElement\":[{\"@type\":\"ListItem\",\"position\":1,\"name\":\"Home\",\"item\":\"https:\/\/www.recykinfo.com\/fr\/\"},{\"@type\":\"ListItem\",\"position\":2,\"name\":\"Services\",\"item\":\"https:\/\/www.recykinfo.com\/fr\/services\/\"},{\"@type\":\"ListItem\",\"position\":3,\"name\":\"Service de d\u00e9sinstallation et de suppression\"}]},{\"@type\":\"WebSite\",\"@id\":\"https:\/\/www.recykinfo.com\/fr\/#website\",\"url\":\"https:\/\/www.recykinfo.com\/fr\/\",\"name\":\"Recykinfo\",\"description\":\"\",\"potentialAction\":[{\"@type\":\"SearchAction\",\"target\":{\"@type\":\"EntryPoint\",\"urlTemplate\":\"https:\/\/www.recykinfo.com\/fr\/?s={search_term_string}\"},\"query-input\":{\"@type\":\"PropertyValueSpecification\",\"valueRequired\":true,\"valueName\":\"search_term_string\"}}],\"inLanguage\":\"fr-FR\"}]}<\/script>\n<!-- \/ Yoast SEO plugin. -->","yoast_head_json":{"title":"Recyclage et d\u00e9sinstallation de d\u00e9chets \u00e9lectroniques - Recykinfo","description":"Pour supprimer et recycler vos produits \u00e9lectroniques: serveurs, ordinateurs centraux, \u00e9quipement de t\u00e9l\u00e9communication, de laboratoire, de r\u00e9seau, etc.","robots":{"index":"index","follow":"follow","max-snippet":"max-snippet:-1","max-image-preview":"max-image-preview:large","max-video-preview":"max-video-preview:-1"},"canonical":"https:\/\/www.recykinfo.com\/fr\/services\/recyclage-dechets\/","og_locale":"fr_FR","og_type":"article","og_title":"Recyclage et d\u00e9sinstallation de d\u00e9chets \u00e9lectroniques - Recykinfo","og_description":"Pour supprimer et recycler vos produits \u00e9lectroniques: serveurs, ordinateurs centraux, \u00e9quipement de t\u00e9l\u00e9communication, de laboratoire, de r\u00e9seau, etc.","og_url":"https:\/\/www.recykinfo.com\/fr\/services\/recyclage-dechets\/","og_site_name":"Recykinfo","article_modified_time":"2019-08-29T17:38:56+00:00","twitter_card":"summary_large_image","twitter_misc":{"Dur\u00e9e de lecture estim\u00e9e":"4 minutes"},"schema":{"@context":"https:\/\/schema.org","@graph":[{"@type":"WebPage","@id":"https:\/\/www.recykinfo.com\/fr\/services\/recyclage-dechets\/","url":"https:\/\/www.recykinfo.com\/fr\/services\/recyclage-dechets\/","name":"Recyclage et d\u00e9sinstallation de d\u00e9chets \u00e9lectroniques - Recykinfo","isPartOf":{"@id":"https:\/\/www.recykinfo.com\/fr\/#website"},"datePublished":"2019-08-21T16:15:55+00:00","dateModified":"2019-08-29T17:38:56+00:00","description":"Pour supprimer et recycler vos produits \u00e9lectroniques: serveurs, ordinateurs centraux, \u00e9quipement de t\u00e9l\u00e9communication, de laboratoire, de r\u00e9seau, etc.","breadcrumb":{"@id":"https:\/\/www.recykinfo.com\/fr\/services\/recyclage-dechets\/#breadcrumb"},"inLanguage":"fr-FR","potentialAction":[{"@type":"ReadAction","target":["https:\/\/www.recykinfo.com\/fr\/services\/recyclage-dechets\/"]}]},{"@type":"BreadcrumbList","@id":"https:\/\/www.recykinfo.com\/fr\/services\/recyclage-dechets\/#breadcrumb","itemListElement":[{"@type":"ListItem","position":1,"name":"Home","item":"https:\/\/www.recykinfo.com\/fr\/"},{"@type":"ListItem","position":2,"name":"Services","item":"https:\/\/www.recykinfo.com\/fr\/services\/"},{"@type":"ListItem","position":3,"name":"Service de d\u00e9sinstallation et de suppression"}]},{"@type":"WebSite","@id":"https:\/\/www.recykinfo.com\/fr\/#website","url":"https:\/\/www.recykinfo.com\/fr\/","name":"Recykinfo","description":"","potentialAction":[{"@type":"SearchAction","target":{"@type":"EntryPoint","urlTemplate":"https:\/\/www.recykinfo.com\/fr\/?s={search_term_string}"},"query-input":{"@type":"PropertyValueSpecification","valueRequired":true,"valueName":"search_term_string"}}],"inLanguage":"fr-FR"}]}},"_links":{"self":[{"href":"https:\/\/www.recykinfo.com\/fr\/wp-json\/wp\/v2\/pages\/1303","targetHints":{"allow":["GET"]}}],"collection":[{"href":"https:\/\/www.recykinfo.com\/fr\/wp-json\/wp\/v2\/pages"}],"about":[{"href":"https:\/\/www.recykinfo.com\/fr\/wp-json\/wp\/v2\/types\/page"}],"author":[{"embeddable":true,"href":"https:\/\/www.recykinfo.com\/fr\/wp-json\/wp\/v2\/users\/2"}],"replies":[{"embeddable":true,"href":"https:\/\/www.recykinfo.com\/fr\/wp-json\/wp\/v2\/comments?post=1303"}],"version-history":[{"count":6,"href":"https:\/\/www.recykinfo.com\/fr\/wp-json\/wp\/v2\/pages\/1303\/revisions"}],"predecessor-version":[{"id":1381,"href":"https:\/\/www.recykinfo.com\/fr\/wp-json\/wp\/v2\/pages\/1303\/revisions\/1381"}],"up":[{"embeddable":true,"href":"https:\/\/www.recykinfo.com\/fr\/wp-json\/wp\/v2\/pages\/1281"}],"wp:attachment":[{"href":"https:\/\/www.recykinfo.com\/fr\/wp-json\/wp\/v2\/media?parent=1303"}],"curies":[{"name":"wp","href":"https:\/\/api.w.org\/{rel}","templated":true}]}}