{"id":1308,"date":"2019-08-21T12:19:16","date_gmt":"2019-08-21T16:19:16","guid":{"rendered":"https:\/\/www.recykinfo.com\/?page_id=1308"},"modified":"2019-09-10T23:35:56","modified_gmt":"2019-09-11T03:35:56","slug":"recyclage-materiel","status":"publish","type":"page","link":"https:\/\/www.recykinfo.com\/fr\/services\/recyclage-materiel\/","title":{"rendered":"\u00c9limination de marchandise p\u00e9rim\u00e9e ou exc\u00e9dentaire"},"content":{"rendered":"<div class=\"fusion-fullwidth fullwidth-box fusion-builder-row-1 nonhundred-percent-fullwidth non-hundred-percent-height-scrolling\" style=\"--awb-border-radius-top-left:0px;--awb-border-radius-top-right:0px;--awb-border-radius-bottom-right:0px;--awb-border-radius-bottom-left:0px;--awb-margin-top:4%;--awb-flex-wrap:wrap;\" ><div class=\"fusion-builder-row fusion-row\"><div class=\"fusion-layout-column fusion_builder_column fusion-builder-column-0 fusion_builder_column_3_4 3_4 fusion-three-fourth fusion-column-first\" style=\"--awb-bg-size:cover;--awb-margin-bottom:0px;width:74%; margin-right: 4%;\"><div class=\"fusion-column-wrapper fusion-flex-column-wrapper-legacy\"><div class=\"fusion-text fusion-text-1\"><p>Les services de gestion de r\u00e9cup\u00e9ration des biens offerts par Recykinfo vous aideront \u00e0 vous d\u00e9barrasser de votre marchandise exc\u00e9dentaire de fa\u00e7on responsable. Nous venons chercher le mat\u00e9riel informatique qui ne r\u00e9pond plus \u00e0 vos besoins et nous vous remettrons une partie de sa valeur de revente.<\/p>\n<p>Si votre mat\u00e9riel s\u2019av\u00e8re d\u00e9suet, nous enlevons toutes les \u00e9tiquettes apparentes de votre entreprise, les num\u00e9ros de s\u00e9rie et les num\u00e9ros de pi\u00e8ce. Notre proc\u00e9d\u00e9 comprend le retrait et la suppression des donn\u00e9es priv\u00e9es des disques durs. Nous assurons le transport et l\u2019\u00e9limination du mat\u00e9riel en accord avec les normes canadiennes environnementales.<\/p>\n<p>Nous ramassons et recyclons votre mat\u00e9riel \u00e9lectronique d\u00e9suet ou d\u00e9faillant, comme les cartes de circuit imprim\u00e9, les ordinateurs, les moniteurs, les imprimantes, les t\u00e9l\u00e9phones, le filage, les scanneurs et tout type de m\u00e9taux qui occupent un espace qui vous serait autrement tr\u00e8s utile.<\/p>\n<\/div><div class=\"fusion-clearfix\"><\/div><\/div><\/div><div class=\"fusion-layout-column fusion_builder_column fusion-builder-column-1 fusion_builder_column_1_4 1_4 fusion-one-fourth fusion-column-last\" style=\"--awb-bg-size:cover;width:22%;\"><div class=\"fusion-column-wrapper fusion-column-has-shadow fusion-flex-column-wrapper-legacy\"><div class=\"fusion-widget-area awb-widget-area-element fusion-widget-area-1 fusion-content-widget-area\" style=\"--awb-title-color:#252525;--awb-padding:0px 0px 0px 0px;\"><section id=\"nav_menu-7\" class=\"fusion-slidingbar-widget-column widget widget_nav_menu\"><h4 class=\"widget-title\">Autres services<\/h4><div class=\"menu-footer-menu-french-container\"><ul id=\"menu-footer-menu-french\" class=\"menu\"><li id=\"menu-item-1334\" class=\"menu-item menu-item-type-post_type menu-item-object-page menu-item-1334\"><a href=\"https:\/\/www.recykinfo.com\/fr\/services\/recyclage-metal\/\">Recyclage de tous les produits suivants<\/a><\/li>\n<li id=\"menu-item-1335\" class=\"menu-item menu-item-type-post_type menu-item-object-page menu-item-1335\"><a href=\"https:\/\/www.recykinfo.com\/fr\/services\/certificat-destruction\/\">\u00c9mission de certificat de destruction<\/a><\/li>\n<li id=\"menu-item-1336\" class=\"menu-item menu-item-type-post_type menu-item-object-page menu-item-1336\"><a href=\"https:\/\/www.recykinfo.com\/fr\/services\/destruction-donnees\/\">Service certifi\u00e9 de destruction de donn\u00e9es par pulv\u00e9risation<\/a><\/li>\n<li id=\"menu-item-1337\" class=\"menu-item menu-item-type-post_type menu-item-object-page menu-item-1337\"><a href=\"https:\/\/www.recykinfo.com\/fr\/services\/certificat-de-destruction\/\">Service certifi\u00e9 de destruction de produits rappel\u00e9s<\/a><\/li>\n<li id=\"menu-item-1338\" class=\"menu-item menu-item-type-post_type menu-item-object-page menu-item-1338\"><a href=\"https:\/\/www.recykinfo.com\/fr\/services\/recyclage-dechets\/\">Service de d\u00e9sinstallation et de suppression<\/a><\/li>\n<li id=\"menu-item-1339\" class=\"menu-item menu-item-type-post_type menu-item-object-page menu-item-1339\"><a href=\"https:\/\/www.recykinfo.com\/fr\/services\/recyclage-materiel\/\">\u00c9limination de marchandise p\u00e9rim\u00e9e ou exc\u00e9dentaire<\/a><\/li>\n<\/ul><\/div><div style=\"clear:both;\"><\/div><\/section><section id=\"search-7\" class=\"fusion-slidingbar-widget-column widget widget_search\"><h4 class=\"widget-title\">Chercher<\/h4>\t\t<form role=\"search\" class=\"searchform fusion-search-form  fusion-search-form-classic\" method=\"get\" action=\"https:\/\/www.recykinfo.com\/fr\/\">\n\t\t\t<div class=\"fusion-search-form-content\">\n\n\t\t\t\t\n\t\t\t\t<div class=\"fusion-search-field search-field\">\n\t\t\t\t\t<label><span class=\"screen-reader-text\">Search for:<\/span>\n\t\t\t\t\t\t\t\t\t\t\t\t\t<input type=\"search\" value=\"\" name=\"s\" class=\"s\" placeholder=\"Search...\" required aria-required=\"true\" aria-label=\"Search...\"\/>\n\t\t\t\t\t\t\t\t\t\t\t<\/label>\n\t\t\t\t<\/div>\n\t\t\t\t<div class=\"fusion-search-button search-button\">\n\t\t\t\t\t<input type=\"submit\" class=\"fusion-search-submit searchsubmit\" aria-label=\"Search\" value=\"&#xf002;\" \/>\n\t\t\t\t\t\t\t\t\t<\/div>\n\n\t\t\t\t\n\t\t\t<\/div>\n\n\n\t\t\t\n\t\t<\/form>\n\t\t<div style=\"clear:both;\"><\/div><\/section><div class=\"fusion-additional-widget-content\"><\/div><\/div><div class=\"fusion-clearfix\"><\/div><\/div><\/div><\/div><\/div>\n","protected":false},"excerpt":{"rendered":"","protected":false},"author":2,"featured_media":0,"parent":1281,"menu_order":0,"comment_status":"closed","ping_status":"closed","template":"","meta":{"footnotes":""},"class_list":["post-1308","page","type-page","status-publish","hentry"],"yoast_head":"<!-- This site is optimized with the Yoast SEO plugin v26.6 - https:\/\/yoast.com\/wordpress\/plugins\/seo\/ -->\n<title>Recyclage et cueillette de mat\u00e9riel \u00e9lectronique et de m\u00e9tal - Recykinfo<\/title>\n<meta name=\"description\" content=\"Nous ramassons et recyclons votre mat\u00e9riel \u00e9lectronique: ordinateurs, moniteurs, imprimantes, t\u00e9l\u00e9phones, filage et tout type de m\u00e9taux.\" \/>\n<meta name=\"robots\" content=\"index, follow, max-snippet:-1, max-image-preview:large, max-video-preview:-1\" \/>\n<link rel=\"canonical\" href=\"https:\/\/www.recykinfo.com\/fr\/services\/recyclage-materiel\/\" \/>\n<meta property=\"og:locale\" content=\"fr_FR\" \/>\n<meta property=\"og:type\" content=\"article\" \/>\n<meta property=\"og:title\" content=\"Recyclage et cueillette de mat\u00e9riel \u00e9lectronique et de m\u00e9tal - Recykinfo\" \/>\n<meta property=\"og:description\" content=\"Nous ramassons et recyclons votre mat\u00e9riel \u00e9lectronique: ordinateurs, moniteurs, imprimantes, t\u00e9l\u00e9phones, filage et tout type de m\u00e9taux.\" \/>\n<meta property=\"og:url\" content=\"https:\/\/www.recykinfo.com\/fr\/services\/recyclage-materiel\/\" \/>\n<meta property=\"og:site_name\" content=\"Recykinfo\" \/>\n<meta property=\"article:modified_time\" content=\"2019-09-11T03:35:56+00:00\" \/>\n<meta name=\"twitter:card\" content=\"summary_large_image\" \/>\n<meta name=\"twitter:label1\" content=\"Dur\u00e9e de lecture estim\u00e9e\" \/>\n\t<meta name=\"twitter:data1\" content=\"2 minutes\" \/>\n<script type=\"application\/ld+json\" class=\"yoast-schema-graph\">{\"@context\":\"https:\/\/schema.org\",\"@graph\":[{\"@type\":\"WebPage\",\"@id\":\"https:\/\/www.recykinfo.com\/fr\/services\/recyclage-materiel\/\",\"url\":\"https:\/\/www.recykinfo.com\/fr\/services\/recyclage-materiel\/\",\"name\":\"Recyclage et cueillette de mat\u00e9riel \u00e9lectronique et de m\u00e9tal - Recykinfo\",\"isPartOf\":{\"@id\":\"https:\/\/www.recykinfo.com\/fr\/#website\"},\"datePublished\":\"2019-08-21T16:19:16+00:00\",\"dateModified\":\"2019-09-11T03:35:56+00:00\",\"description\":\"Nous ramassons et recyclons votre mat\u00e9riel \u00e9lectronique: ordinateurs, moniteurs, imprimantes, t\u00e9l\u00e9phones, filage et tout type de m\u00e9taux.\",\"breadcrumb\":{\"@id\":\"https:\/\/www.recykinfo.com\/fr\/services\/recyclage-materiel\/#breadcrumb\"},\"inLanguage\":\"fr-FR\",\"potentialAction\":[{\"@type\":\"ReadAction\",\"target\":[\"https:\/\/www.recykinfo.com\/fr\/services\/recyclage-materiel\/\"]}]},{\"@type\":\"BreadcrumbList\",\"@id\":\"https:\/\/www.recykinfo.com\/fr\/services\/recyclage-materiel\/#breadcrumb\",\"itemListElement\":[{\"@type\":\"ListItem\",\"position\":1,\"name\":\"Home\",\"item\":\"https:\/\/www.recykinfo.com\/fr\/\"},{\"@type\":\"ListItem\",\"position\":2,\"name\":\"Services\",\"item\":\"https:\/\/www.recykinfo.com\/fr\/services\/\"},{\"@type\":\"ListItem\",\"position\":3,\"name\":\"\u00c9limination de marchandise p\u00e9rim\u00e9e ou exc\u00e9dentaire\"}]},{\"@type\":\"WebSite\",\"@id\":\"https:\/\/www.recykinfo.com\/fr\/#website\",\"url\":\"https:\/\/www.recykinfo.com\/fr\/\",\"name\":\"Recykinfo\",\"description\":\"\",\"potentialAction\":[{\"@type\":\"SearchAction\",\"target\":{\"@type\":\"EntryPoint\",\"urlTemplate\":\"https:\/\/www.recykinfo.com\/fr\/?s={search_term_string}\"},\"query-input\":{\"@type\":\"PropertyValueSpecification\",\"valueRequired\":true,\"valueName\":\"search_term_string\"}}],\"inLanguage\":\"fr-FR\"}]}<\/script>\n<!-- \/ Yoast SEO plugin. -->","yoast_head_json":{"title":"Recyclage et cueillette de mat\u00e9riel \u00e9lectronique et de m\u00e9tal - Recykinfo","description":"Nous ramassons et recyclons votre mat\u00e9riel \u00e9lectronique: ordinateurs, moniteurs, imprimantes, t\u00e9l\u00e9phones, filage et tout type de m\u00e9taux.","robots":{"index":"index","follow":"follow","max-snippet":"max-snippet:-1","max-image-preview":"max-image-preview:large","max-video-preview":"max-video-preview:-1"},"canonical":"https:\/\/www.recykinfo.com\/fr\/services\/recyclage-materiel\/","og_locale":"fr_FR","og_type":"article","og_title":"Recyclage et cueillette de mat\u00e9riel \u00e9lectronique et de m\u00e9tal - Recykinfo","og_description":"Nous ramassons et recyclons votre mat\u00e9riel \u00e9lectronique: ordinateurs, moniteurs, imprimantes, t\u00e9l\u00e9phones, filage et tout type de m\u00e9taux.","og_url":"https:\/\/www.recykinfo.com\/fr\/services\/recyclage-materiel\/","og_site_name":"Recykinfo","article_modified_time":"2019-09-11T03:35:56+00:00","twitter_card":"summary_large_image","twitter_misc":{"Dur\u00e9e de lecture estim\u00e9e":"2 minutes"},"schema":{"@context":"https:\/\/schema.org","@graph":[{"@type":"WebPage","@id":"https:\/\/www.recykinfo.com\/fr\/services\/recyclage-materiel\/","url":"https:\/\/www.recykinfo.com\/fr\/services\/recyclage-materiel\/","name":"Recyclage et cueillette de mat\u00e9riel \u00e9lectronique et de m\u00e9tal - Recykinfo","isPartOf":{"@id":"https:\/\/www.recykinfo.com\/fr\/#website"},"datePublished":"2019-08-21T16:19:16+00:00","dateModified":"2019-09-11T03:35:56+00:00","description":"Nous ramassons et recyclons votre mat\u00e9riel \u00e9lectronique: ordinateurs, moniteurs, imprimantes, t\u00e9l\u00e9phones, filage et tout type de m\u00e9taux.","breadcrumb":{"@id":"https:\/\/www.recykinfo.com\/fr\/services\/recyclage-materiel\/#breadcrumb"},"inLanguage":"fr-FR","potentialAction":[{"@type":"ReadAction","target":["https:\/\/www.recykinfo.com\/fr\/services\/recyclage-materiel\/"]}]},{"@type":"BreadcrumbList","@id":"https:\/\/www.recykinfo.com\/fr\/services\/recyclage-materiel\/#breadcrumb","itemListElement":[{"@type":"ListItem","position":1,"name":"Home","item":"https:\/\/www.recykinfo.com\/fr\/"},{"@type":"ListItem","position":2,"name":"Services","item":"https:\/\/www.recykinfo.com\/fr\/services\/"},{"@type":"ListItem","position":3,"name":"\u00c9limination de marchandise p\u00e9rim\u00e9e ou exc\u00e9dentaire"}]},{"@type":"WebSite","@id":"https:\/\/www.recykinfo.com\/fr\/#website","url":"https:\/\/www.recykinfo.com\/fr\/","name":"Recykinfo","description":"","potentialAction":[{"@type":"SearchAction","target":{"@type":"EntryPoint","urlTemplate":"https:\/\/www.recykinfo.com\/fr\/?s={search_term_string}"},"query-input":{"@type":"PropertyValueSpecification","valueRequired":true,"valueName":"search_term_string"}}],"inLanguage":"fr-FR"}]}},"_links":{"self":[{"href":"https:\/\/www.recykinfo.com\/fr\/wp-json\/wp\/v2\/pages\/1308","targetHints":{"allow":["GET"]}}],"collection":[{"href":"https:\/\/www.recykinfo.com\/fr\/wp-json\/wp\/v2\/pages"}],"about":[{"href":"https:\/\/www.recykinfo.com\/fr\/wp-json\/wp\/v2\/types\/page"}],"author":[{"embeddable":true,"href":"https:\/\/www.recykinfo.com\/fr\/wp-json\/wp\/v2\/users\/2"}],"replies":[{"embeddable":true,"href":"https:\/\/www.recykinfo.com\/fr\/wp-json\/wp\/v2\/comments?post=1308"}],"version-history":[{"count":2,"href":"https:\/\/www.recykinfo.com\/fr\/wp-json\/wp\/v2\/pages\/1308\/revisions"}],"predecessor-version":[{"id":1526,"href":"https:\/\/www.recykinfo.com\/fr\/wp-json\/wp\/v2\/pages\/1308\/revisions\/1526"}],"up":[{"embeddable":true,"href":"https:\/\/www.recykinfo.com\/fr\/wp-json\/wp\/v2\/pages\/1281"}],"wp:attachment":[{"href":"https:\/\/www.recykinfo.com\/fr\/wp-json\/wp\/v2\/media?parent=1308"}],"curies":[{"name":"wp","href":"https:\/\/api.w.org\/{rel}","templated":true}]}}