{"id":1315,"date":"2019-08-21T12:22:07","date_gmt":"2019-08-21T16:22:07","guid":{"rendered":"https:\/\/www.recykinfo.com\/services\/recyclage-de-tous-les-produits-suivants\/"},"modified":"2019-09-10T23:36:44","modified_gmt":"2019-09-11T03:36:44","slug":"recyclage-metal","status":"publish","type":"page","link":"https:\/\/www.recykinfo.com\/fr\/services\/recyclage-metal\/","title":{"rendered":"Recyclage de tous les produits suivants"},"content":{"rendered":"<p><div class=\"fusion-fullwidth fullwidth-box fusion-builder-row-1 nonhundred-percent-fullwidth non-hundred-percent-height-scrolling reverse-cols\" style=\"--awb-border-radius-top-left:0px;--awb-border-radius-top-right:0px;--awb-border-radius-bottom-right:0px;--awb-border-radius-bottom-left:0px;--awb-margin-top:4%;--awb-flex-wrap:wrap;\" ><div class=\"fusion-builder-row fusion-row\"><div class=\"fusion-layout-column fusion_builder_column fusion-builder-column-0 fusion_builder_column_1_1 1_1 fusion-one-full fusion-column-first fusion-column-last\" style=\"--awb-bg-size:cover;\"><div class=\"fusion-column-wrapper fusion-column-has-shadow fusion-flex-column-wrapper-legacy\"><div class=\"fusion-menu-anchor\" id=\"computer_equipement\"><\/div><div class=\"fusion-clearfix\"><\/div><\/div><\/div><div class=\"fusion-layout-column fusion_builder_column fusion-builder-column-1 fusion_builder_column_3_4 3_4 fusion-three-fourth fusion-column-first\" style=\"--awb-bg-size:cover;--awb-margin-bottom:0px;width:74%; margin-right: 4%;\"><div class=\"fusion-column-wrapper fusion-flex-column-wrapper-legacy\"><div class=\"fusion-title title fusion-title-1 fusion-sep-none fusion-title-text fusion-title-size-two\" style=\"--awb-text-color:#37c837;\"><h2 class=\"fusion-title-heading title-heading-left fusion-responsive-typography-calculated\" style=\"margin:0;--fontSize:30;line-height:1.2;\">\u00c9quipements informatiques et bureautiques de tout genre<\/h2><\/div><div class=\"fusion-text fusion-text-1\"><ul>\n<li>Unit\u00e9s centrales (main frame)<\/li>\n<li>Serveurs de tous types<\/li>\n<li>Bandath\u00e8que de sauvegarde (Tape Libraries)<\/li>\n<li>D\u00e9rouleur DLT,LTO,9840,9940,9490 (Tape Drives)<\/li>\n<li>Unit\u00e9 de disque<\/li>\n<li>\u00c9quipement de r\u00e9seaux SAN IP<\/li>\n<li>Moniteurs (Frais $$)<\/li>\n<li>Imprimantes \u00e0 jet d\u2019encre ou laser (Frais $$)<\/li>\n<li>Ordinateurs personnels (unit\u00e9 centrale, souris, \u00e9cran et clavier)<\/li>\n<li>Ordinateurs portables (unit\u00e9 centrale, souris, \u00e9cran et clavier)<\/li>\n<li>Tablettes \u00e9lectroniques<\/li>\n<li>Le tout en une imprimante, LASER et jet d&rsquo;encre (article rechargeable)<\/li>\n<li>Photocopieurs<\/li>\n<li>Machines \u00e0 \u00e9crire \u00e9lectriques et \u00e9lectroniques<\/li>\n<li>Calculatrices de bureau et de poche<\/li>\n<li>Autres produits et \u00e9quipements pour la collecte, le stockage, le traitement, la pr\u00e9sentation ou la communication \u00e9lectronique de l&rsquo;information<\/li>\n<li>Terminaux et syst\u00e8mes pour les utilisateurs<\/li>\n<\/ul>\n<\/div><div class=\"fusion-clearfix\"><\/div><\/div><\/div><div class=\"fusion-layout-column fusion_builder_column fusion-builder-column-2 fusion_builder_column_1_4 1_4 fusion-one-fourth fusion-column-last\" style=\"--awb-bg-size:cover;width:22%;\"><div class=\"fusion-column-wrapper fusion-column-has-shadow fusion-flex-column-wrapper-legacy\"><div class=\"fusion-widget-area awb-widget-area-element fusion-widget-area-1 fusion-content-widget-area\" style=\"--awb-title-color:#252525;--awb-padding:0px 0px 0px 0px;\"><section id=\"nav_menu-8\" class=\"fusion-slidingbar-widget-column widget widget_nav_menu\"><h4 class=\"widget-title\">Produits recyclables<\/h4><div class=\"menu-recyclable-items-french-container\"><ul id=\"menu-recyclable-items-french\" class=\"menu\"><li id=\"menu-item-1361\" class=\"menu-item menu-item-type-custom menu-item-object-custom menu-item-1361\"><a href=\"#computer_equipement\">Computer Equipment<\/a><\/li>\n<li id=\"menu-item-1362\" class=\"menu-item menu-item-type-custom menu-item-object-custom menu-item-1362\"><a href=\"#electronic_instruments\">Electric and Electronic Instruments and Large Fixed Industrial Tools<\/a><\/li>\n<li id=\"menu-item-1363\" class=\"menu-item menu-item-type-custom menu-item-object-custom menu-item-1363\"><a href=\"#telecommunication_equipment\">All Kinds of Telecommunication Equipment<\/a><\/li>\n<li id=\"menu-item-1364\" class=\"menu-item menu-item-type-custom menu-item-object-custom menu-item-1364\"><a href=\"#electronic_cables\">Computer and Electronic Cables of All Kinds<\/a><\/li>\n<li id=\"menu-item-1365\" class=\"menu-item menu-item-type-custom menu-item-object-custom menu-item-1365\"><a href=\"#medical_devices\">Medical Devices (with the exception of embedded or infected products)<\/a><\/li>\n<li id=\"menu-item-1366\" class=\"menu-item menu-item-type-custom menu-item-object-custom menu-item-1366\"><a href=\"#surveillance_instruments\">Control and Surveillance Instruments<\/a><\/li>\n<\/ul><\/div><div style=\"clear:both;\"><\/div><\/section><div class=\"fusion-additional-widget-content\"><\/div><\/div><div class=\"fusion-clearfix\"><\/div><\/div><\/div><\/div><\/div><div class=\"fusion-fullwidth fullwidth-box fusion-builder-row-2 nonhundred-percent-fullwidth non-hundred-percent-height-scrolling\" style=\"--awb-border-radius-top-left:0px;--awb-border-radius-top-right:0px;--awb-border-radius-bottom-right:0px;--awb-border-radius-bottom-left:0px;--awb-flex-wrap:wrap;\" ><div class=\"fusion-builder-row fusion-row\"><div class=\"fusion-layout-column fusion_builder_column fusion-builder-column-3 fusion_builder_column_1_1 1_1 fusion-one-full fusion-column-first fusion-column-last\" style=\"--awb-bg-size:cover;\"><div class=\"fusion-column-wrapper fusion-column-has-shadow fusion-flex-column-wrapper-legacy\"><div class=\"fusion-menu-anchor\" id=\"electronic_instruments\"><\/div><div class=\"fusion-clearfix\"><\/div><\/div><\/div><div class=\"fusion-layout-column fusion_builder_column fusion-builder-column-4 fusion_builder_column_3_4 3_4 fusion-three-fourth fusion-column-first\" style=\"--awb-bg-size:cover;--awb-margin-bottom:0px;width:74%; margin-right: 4%;\"><div class=\"fusion-column-wrapper fusion-flex-column-wrapper-legacy\"><div class=\"fusion-title title fusion-title-2 fusion-sep-none fusion-title-text fusion-title-size-two\" style=\"--awb-text-color:#37c837;\"><h2 class=\"fusion-title-heading title-heading-left fusion-responsive-typography-calculated\" style=\"margin:0;--fontSize:30;line-height:1.2;\">Outils \u00e9lectriques et \u00e9lectroniques et gros outils industriels fixes<\/h2><\/div><div class=\"fusion-text fusion-text-2\"><ul>\n<li>Foreuses<\/li>\n<li>\u00c9quipement minier<\/li>\n<li>\u00c9quipement de raffinerie<\/li>\n<li>Scies<\/li>\n<li>Machines \u00e0 coudre<\/li>\n<li>\u00c9quipements pour le tournage, le fraisage, le pon\u00e7age, le meulage, le sciage, la coupe, le cisaillement, le per\u00e7age, la perforation des trous, le poin\u00e7onnage, le repliage, le cintrage ou d\u2019autres transformations de bois, du m\u00e9tal et d\u2019autres mat\u00e9riaux<\/li>\n<li>Outils pour river, clouer ou visser ou retirer des rivets, des clous, des vis ou pour des utilisations similaires<\/li>\n<li>Outils pour souder, brasser ou pour utilisations similaires<\/li>\n<li>\u00c9quipements pour la pulv\u00e9risation, l\u2019\u00e9tendage, la dispersion ou d\u2019autres traitements de substances liquides ou gazeuses par d\u2019autres moyens<\/li>\n<li>Outils pour tondre ou pour d\u2019autres activit\u00e9s de jardinage<\/li>\n<\/ul>\n<\/div><div class=\"fusion-clearfix\"><\/div><\/div><\/div><div class=\"fusion-layout-column fusion_builder_column fusion-builder-column-5 fusion_builder_column_1_1 1_1 fusion-one-full fusion-column-last\" style=\"--awb-bg-size:cover;\"><div class=\"fusion-column-wrapper fusion-column-has-shadow fusion-flex-column-wrapper-legacy\"><div class=\"fusion-menu-anchor\" id=\"telecommunication_equipment\"><\/div><div class=\"fusion-clearfix\"><\/div><\/div><\/div><div class=\"fusion-layout-column fusion_builder_column fusion-builder-column-6 fusion_builder_column_3_4 3_4 fusion-three-fourth fusion-column-first\" style=\"--awb-bg-size:cover;--awb-margin-bottom:0px;width:74%; margin-right: 4%;\"><div class=\"fusion-column-wrapper fusion-flex-column-wrapper-legacy\"><div class=\"fusion-title title fusion-title-3 fusion-sep-none fusion-title-text fusion-title-size-two\" style=\"--awb-text-color:#37c837;\"><h2 class=\"fusion-title-heading title-heading-left fusion-responsive-typography-calculated\" style=\"margin:0;--fontSize:30;line-height:1.2;\">\u00c9quipements de t\u00e9l\u00e9communications de tout genre<\/h2><\/div><div class=\"fusion-text fusion-text-3\"><ul>\n<li>T\u00e9l\u00e9copieurs<\/li>\n<li>T\u00e9l\u00e9phones<\/li>\n<li>T\u00e9l\u00e9phones payants<\/li>\n<li>T\u00e9l\u00e9phones sans fil<\/li>\n<li>T\u00e9l\u00e9phones cellulaires<\/li>\n<li>R\u00e9pondeurs<\/li>\n<li>Autres produits ou \u00e9quipements pour la transmission de sons, d&rsquo;images ou d&rsquo;autres t\u00e9l\u00e9communications<\/li>\n<\/ul>\n<\/div><div class=\"fusion-clearfix\"><\/div><\/div><\/div><div class=\"fusion-layout-column fusion_builder_column fusion-builder-column-7 fusion_builder_column_1_1 1_1 fusion-one-full fusion-column-last\" style=\"--awb-bg-size:cover;\"><div class=\"fusion-column-wrapper fusion-column-has-shadow fusion-flex-column-wrapper-legacy\"><div class=\"fusion-menu-anchor\" id=\"electronic_cables\"><\/div><div class=\"fusion-clearfix\"><\/div><\/div><\/div><div class=\"fusion-layout-column fusion_builder_column fusion-builder-column-8 fusion_builder_column_3_4 3_4 fusion-three-fourth fusion-column-first\" style=\"--awb-bg-size:cover;--awb-margin-bottom:0px;width:74%; margin-right: 4%;\"><div class=\"fusion-column-wrapper fusion-flex-column-wrapper-legacy\"><div class=\"fusion-title title fusion-title-4 fusion-sep-none fusion-title-text fusion-title-size-two\" style=\"--awb-text-color:#37c837;\"><h2 class=\"fusion-title-heading title-heading-left fusion-responsive-typography-calculated\" style=\"margin:0;--fontSize:30;line-height:1.2;\">C\u00e2bles informatiques et \u00e9lectroniques de toutes sortes<\/h2><\/div><div class=\"fusion-text fusion-text-4\"><ul>\n<li>Fils et c\u00e2bles m\u00e9talliques<\/li>\n<\/ul>\n<\/div><div class=\"fusion-clearfix\"><\/div><\/div><\/div><div class=\"fusion-layout-column fusion_builder_column fusion-builder-column-9 fusion_builder_column_1_1 1_1 fusion-one-full fusion-column-last\" style=\"--awb-bg-size:cover;\"><div class=\"fusion-column-wrapper fusion-column-has-shadow fusion-flex-column-wrapper-legacy\"><div class=\"fusion-menu-anchor\" id=\"medical_devices\"><\/div><div class=\"fusion-clearfix\"><\/div><\/div><\/div><div class=\"fusion-layout-column fusion_builder_column fusion-builder-column-10 fusion_builder_column_3_4 3_4 fusion-three-fourth fusion-column-first\" style=\"--awb-bg-size:cover;--awb-margin-bottom:0px;width:74%; margin-right: 4%;\"><div class=\"fusion-column-wrapper fusion-flex-column-wrapper-legacy\"><div class=\"fusion-title title fusion-title-5 fusion-sep-none fusion-title-text fusion-title-size-two\" style=\"--awb-text-color:#37c837;\"><h2 class=\"fusion-title-heading title-heading-left fusion-responsive-typography-calculated\" style=\"margin:0;--fontSize:30;line-height:1.2;\">Dispositifs m\u00e9dicaux (\u00e0 l\u2019exception de tous les produits implant\u00e9s ou infect\u00e9s)<\/h2><\/div><div class=\"fusion-text fusion-text-5\"><ul>\n<li>\u00c9quipement \u00e0 rayons X<\/li>\n<li>Mat\u00e9riel de cardiologie<\/li>\n<li>Machines de dialyse<\/li>\n<li>Ventilateurs pulmonaires<\/li>\n<li>\u00c9quipements de laboratoires pour diagnostics in vitro<\/li>\n<li>Analyseurs<\/li>\n<li>Appareils frigorifiques<\/li>\n<li>Tests de f\u00e9condation<\/li>\n<\/ul>\n<\/div><div class=\"fusion-clearfix\"><\/div><\/div><\/div><div class=\"fusion-layout-column fusion_builder_column fusion-builder-column-11 fusion_builder_column_1_1 1_1 fusion-one-full fusion-column-last\" style=\"--awb-bg-size:cover;\"><div class=\"fusion-column-wrapper fusion-column-has-shadow fusion-flex-column-wrapper-legacy\"><div class=\"fusion-menu-anchor\" id=\"surveillance_instruments\"><\/div><div class=\"fusion-clearfix\"><\/div><\/div><\/div><div class=\"fusion-layout-column fusion_builder_column fusion-builder-column-12 fusion_builder_column_3_4 3_4 fusion-three-fourth fusion-column-first\" style=\"--awb-bg-size:cover;--awb-margin-bottom:0px;width:74%; margin-right: 4%;\"><div class=\"fusion-column-wrapper fusion-flex-column-wrapper-legacy\"><div class=\"fusion-title title fusion-title-6 fusion-sep-none fusion-title-text fusion-title-size-two\" style=\"--awb-text-color:#37c837;\"><h2 class=\"fusion-title-heading title-heading-left fusion-responsive-typography-calculated\" style=\"margin:0;--fontSize:30;line-height:1.2;\">Instruments de contr\u00f4le et de surveillance<\/h2><\/div><div class=\"fusion-text fusion-text-6\"><ul>\n<li>D\u00e9tecteurs de fum\u00e9e<\/li>\n<li>Contr\u00f4leurs de chaleur<\/li>\n<li>Thermostats<\/li>\n<li>\u00c9quipement de mesure, de pesage ou d&rsquo;ajustement pour le nettoyage ou l&rsquo;\u00e9quipement de laboratoire<\/li>\n<li>Autres instruments de surveillance et contr\u00f4les utilis\u00e9s dans les installations industrielles (par exemple, les panneaux de contr\u00f4le)<\/li>\n<\/ul>\n<\/div><div class=\"fusion-clearfix\"><\/div><\/div><\/div><\/div><\/div><\/p>\n","protected":false},"excerpt":{"rendered":"","protected":false},"author":2,"featured_media":0,"parent":1281,"menu_order":0,"comment_status":"closed","ping_status":"closed","template":"","meta":{"footnotes":""},"class_list":["post-1315","page","type-page","status-publish","hentry"],"yoast_head":"<!-- This site is optimized with the Yoast SEO plugin v26.6 - https:\/\/yoast.com\/wordpress\/plugins\/seo\/ -->\n<title>Recyclage | m\u00e9tal - ordinateurs - \u00e9lectronique - t\u00e9l\u00e9vision - Recykinfo<\/title>\n<meta name=\"description\" content=\"Nous vous offrons le recyclage d&#039;\u00e9quipements informatiques, t\u00e9l\u00e9communication et m\u00e9dicaux, d&#039;outils et c\u00e2bles \u00e9lectriques et \u00e9lectroniques, etc.\" \/>\n<meta name=\"robots\" content=\"index, follow, max-snippet:-1, max-image-preview:large, max-video-preview:-1\" \/>\n<link rel=\"canonical\" href=\"https:\/\/www.recykinfo.com\/fr\/services\/recyclage-metal\/\" \/>\n<meta property=\"og:locale\" content=\"fr_FR\" \/>\n<meta property=\"og:type\" content=\"article\" \/>\n<meta property=\"og:title\" content=\"Recyclage | m\u00e9tal - ordinateurs - \u00e9lectronique - t\u00e9l\u00e9vision - Recykinfo\" \/>\n<meta property=\"og:description\" content=\"Nous vous offrons le recyclage d&#039;\u00e9quipements informatiques, t\u00e9l\u00e9communication et m\u00e9dicaux, d&#039;outils et c\u00e2bles \u00e9lectriques et \u00e9lectroniques, etc.\" \/>\n<meta property=\"og:url\" content=\"https:\/\/www.recykinfo.com\/fr\/services\/recyclage-metal\/\" \/>\n<meta property=\"og:site_name\" content=\"Recykinfo\" \/>\n<meta property=\"article:modified_time\" content=\"2019-09-11T03:36:44+00:00\" \/>\n<meta name=\"twitter:card\" content=\"summary_large_image\" \/>\n<meta name=\"twitter:label1\" content=\"Dur\u00e9e de lecture estim\u00e9e\" \/>\n\t<meta name=\"twitter:data1\" content=\"11 minutes\" \/>\n<script type=\"application\/ld+json\" class=\"yoast-schema-graph\">{\"@context\":\"https:\/\/schema.org\",\"@graph\":[{\"@type\":\"WebPage\",\"@id\":\"https:\/\/www.recykinfo.com\/fr\/services\/recyclage-metal\/\",\"url\":\"https:\/\/www.recykinfo.com\/fr\/services\/recyclage-metal\/\",\"name\":\"Recyclage | m\u00e9tal - ordinateurs - \u00e9lectronique - t\u00e9l\u00e9vision - Recykinfo\",\"isPartOf\":{\"@id\":\"https:\/\/www.recykinfo.com\/fr\/#website\"},\"datePublished\":\"2019-08-21T16:22:07+00:00\",\"dateModified\":\"2019-09-11T03:36:44+00:00\",\"description\":\"Nous vous offrons le recyclage d'\u00e9quipements informatiques, t\u00e9l\u00e9communication et m\u00e9dicaux, d'outils et c\u00e2bles \u00e9lectriques et \u00e9lectroniques, etc.\",\"breadcrumb\":{\"@id\":\"https:\/\/www.recykinfo.com\/fr\/services\/recyclage-metal\/#breadcrumb\"},\"inLanguage\":\"fr-FR\",\"potentialAction\":[{\"@type\":\"ReadAction\",\"target\":[\"https:\/\/www.recykinfo.com\/fr\/services\/recyclage-metal\/\"]}]},{\"@type\":\"BreadcrumbList\",\"@id\":\"https:\/\/www.recykinfo.com\/fr\/services\/recyclage-metal\/#breadcrumb\",\"itemListElement\":[{\"@type\":\"ListItem\",\"position\":1,\"name\":\"Home\",\"item\":\"https:\/\/www.recykinfo.com\/fr\/\"},{\"@type\":\"ListItem\",\"position\":2,\"name\":\"Services\",\"item\":\"https:\/\/www.recykinfo.com\/fr\/services\/\"},{\"@type\":\"ListItem\",\"position\":3,\"name\":\"Recyclage de tous les produits suivants\"}]},{\"@type\":\"WebSite\",\"@id\":\"https:\/\/www.recykinfo.com\/fr\/#website\",\"url\":\"https:\/\/www.recykinfo.com\/fr\/\",\"name\":\"Recykinfo\",\"description\":\"\",\"potentialAction\":[{\"@type\":\"SearchAction\",\"target\":{\"@type\":\"EntryPoint\",\"urlTemplate\":\"https:\/\/www.recykinfo.com\/fr\/?s={search_term_string}\"},\"query-input\":{\"@type\":\"PropertyValueSpecification\",\"valueRequired\":true,\"valueName\":\"search_term_string\"}}],\"inLanguage\":\"fr-FR\"}]}<\/script>\n<!-- \/ Yoast SEO plugin. -->","yoast_head_json":{"title":"Recyclage | m\u00e9tal - ordinateurs - \u00e9lectronique - t\u00e9l\u00e9vision - Recykinfo","description":"Nous vous offrons le recyclage d'\u00e9quipements informatiques, t\u00e9l\u00e9communication et m\u00e9dicaux, d'outils et c\u00e2bles \u00e9lectriques et \u00e9lectroniques, etc.","robots":{"index":"index","follow":"follow","max-snippet":"max-snippet:-1","max-image-preview":"max-image-preview:large","max-video-preview":"max-video-preview:-1"},"canonical":"https:\/\/www.recykinfo.com\/fr\/services\/recyclage-metal\/","og_locale":"fr_FR","og_type":"article","og_title":"Recyclage | m\u00e9tal - ordinateurs - \u00e9lectronique - t\u00e9l\u00e9vision - Recykinfo","og_description":"Nous vous offrons le recyclage d'\u00e9quipements informatiques, t\u00e9l\u00e9communication et m\u00e9dicaux, d'outils et c\u00e2bles \u00e9lectriques et \u00e9lectroniques, etc.","og_url":"https:\/\/www.recykinfo.com\/fr\/services\/recyclage-metal\/","og_site_name":"Recykinfo","article_modified_time":"2019-09-11T03:36:44+00:00","twitter_card":"summary_large_image","twitter_misc":{"Dur\u00e9e de lecture estim\u00e9e":"11 minutes"},"schema":{"@context":"https:\/\/schema.org","@graph":[{"@type":"WebPage","@id":"https:\/\/www.recykinfo.com\/fr\/services\/recyclage-metal\/","url":"https:\/\/www.recykinfo.com\/fr\/services\/recyclage-metal\/","name":"Recyclage | m\u00e9tal - ordinateurs - \u00e9lectronique - t\u00e9l\u00e9vision - Recykinfo","isPartOf":{"@id":"https:\/\/www.recykinfo.com\/fr\/#website"},"datePublished":"2019-08-21T16:22:07+00:00","dateModified":"2019-09-11T03:36:44+00:00","description":"Nous vous offrons le recyclage d'\u00e9quipements informatiques, t\u00e9l\u00e9communication et m\u00e9dicaux, d'outils et c\u00e2bles \u00e9lectriques et \u00e9lectroniques, etc.","breadcrumb":{"@id":"https:\/\/www.recykinfo.com\/fr\/services\/recyclage-metal\/#breadcrumb"},"inLanguage":"fr-FR","potentialAction":[{"@type":"ReadAction","target":["https:\/\/www.recykinfo.com\/fr\/services\/recyclage-metal\/"]}]},{"@type":"BreadcrumbList","@id":"https:\/\/www.recykinfo.com\/fr\/services\/recyclage-metal\/#breadcrumb","itemListElement":[{"@type":"ListItem","position":1,"name":"Home","item":"https:\/\/www.recykinfo.com\/fr\/"},{"@type":"ListItem","position":2,"name":"Services","item":"https:\/\/www.recykinfo.com\/fr\/services\/"},{"@type":"ListItem","position":3,"name":"Recyclage de tous les produits suivants"}]},{"@type":"WebSite","@id":"https:\/\/www.recykinfo.com\/fr\/#website","url":"https:\/\/www.recykinfo.com\/fr\/","name":"Recykinfo","description":"","potentialAction":[{"@type":"SearchAction","target":{"@type":"EntryPoint","urlTemplate":"https:\/\/www.recykinfo.com\/fr\/?s={search_term_string}"},"query-input":{"@type":"PropertyValueSpecification","valueRequired":true,"valueName":"search_term_string"}}],"inLanguage":"fr-FR"}]}},"_links":{"self":[{"href":"https:\/\/www.recykinfo.com\/fr\/wp-json\/wp\/v2\/pages\/1315","targetHints":{"allow":["GET"]}}],"collection":[{"href":"https:\/\/www.recykinfo.com\/fr\/wp-json\/wp\/v2\/pages"}],"about":[{"href":"https:\/\/www.recykinfo.com\/fr\/wp-json\/wp\/v2\/types\/page"}],"author":[{"embeddable":true,"href":"https:\/\/www.recykinfo.com\/fr\/wp-json\/wp\/v2\/users\/2"}],"replies":[{"embeddable":true,"href":"https:\/\/www.recykinfo.com\/fr\/wp-json\/wp\/v2\/comments?post=1315"}],"version-history":[{"count":3,"href":"https:\/\/www.recykinfo.com\/fr\/wp-json\/wp\/v2\/pages\/1315\/revisions"}],"predecessor-version":[{"id":1528,"href":"https:\/\/www.recykinfo.com\/fr\/wp-json\/wp\/v2\/pages\/1315\/revisions\/1528"}],"up":[{"embeddable":true,"href":"https:\/\/www.recykinfo.com\/fr\/wp-json\/wp\/v2\/pages\/1281"}],"wp:attachment":[{"href":"https:\/\/www.recykinfo.com\/fr\/wp-json\/wp\/v2\/media?parent=1315"}],"curies":[{"name":"wp","href":"https:\/\/api.w.org\/{rel}","templated":true}]}}